{"id":124,"date":"2014-08-06T09:17:48","date_gmt":"2014-08-06T07:17:48","guid":{"rendered":"http:\/\/localhost\/wordpress\/?page_id=124"},"modified":"2022-03-18T10:34:35","modified_gmt":"2022-03-18T09:34:35","slug":"preise","status":"publish","type":"page","link":"http:\/\/www.ponyhofnachbar.at\/en\/preise\/","title":{"rendered":"RATES"},"content":{"rendered":"<script>\/\/ <![CDATA[ (function(i,s,o,g,r,a,m){i['GoogleAnalyticsObject']=r;i[r]=i[r]||function(){ (i[r].q=i[r].q||[]).push(arguments)},i[r].l=1*new Date();a=s.createElement(o), m=s.getElementsByTagName(o)[0];a.async=1;a.src=g;m.parentNode.insertBefore(a,m) })(window,document,'script','\/\/www.google-analytics.com\/analytics.js','ga'); ga('create', 'UA-55000139-1', 'auto'); ga('send', 'pageview'); \/\/ ]]><\/script><\/p>\n<h3>Ponyhof Nachbar &#8211; our rates for Summer 2022<\/h3>\n<p>Our prices are always fair &#8211; so there is more left for sweets.<\/p>\n<p><img loading=\"lazy\" class=\"alignnone size-full wp-image-2218\" src=\"http:\/\/www.ponyhofnachbar.at\/wp-content\/uploads\/bananas-282340_640.jpg\" alt=\"bananas-282340_640\" width=\"640\" height=\"423\" srcset=\"http:\/\/www.ponyhofnachbar.at\/wp-content\/uploads\/bananas-282340_640.jpg 640w, http:\/\/www.ponyhofnachbar.at\/wp-content\/uploads\/bananas-282340_640-200x132.jpg 200w, http:\/\/www.ponyhofnachbar.at\/wp-content\/uploads\/bananas-282340_640-400x264.jpg 400w\" sizes=\"(max-width: 640px) 100vw, 640px\" \/><\/p>\n<p>You don\u00b4t have to spend a lot of money for nice holidays &#8211; so you can get away more often and maybe even something is left at the end.<\/p>\n<div class=\"su-row\">\n<div class=\"su-column su-column-size-1-2\"><div class=\"su-column-inner su-u-clearfix su-u-trim\">\n<p><strong>Overnight stay in the comfort room<br \/>\n<\/strong><\/p>\n<p><strong>incl. breakfast<\/strong><br \/>\nin early summer\/autumn \u20ac 35.-<br \/>\nin summer (July, August) \u20ac 38.-<\/p>\n<p>All rates per person\/overnight stay incl. VAT, excl. local tax.<br \/>\nChild reduction on request.<\/p>\n<p><strong>Apartment for 4 persons<br \/>\n<\/strong><\/p>\n<p>in early summer\/autumn \u20ac 90.-<br \/>\nin summer (July, August) \u20ac 100.-<\/p>\n<p>Final cleaning: \u20ac 30, &#8211;<\/p>\n<p>Apartment rates per unit\/overnight stay incl. VAT, excl. local tax.<\/p>\n<\/div><\/div>\n<div class=\"su-column su-column-size-1-2\"><div class=\"su-column-inner su-u-clearfix su-u-trim\">\n<h3>Children, school- or youth groups on request.<\/h3>\n<p><strong>Well-behaved dogs<\/strong> (child-friendly, pet-friendly, no yapper) are welcome, but a prior agreement is necessary.<\/p>\n<\/div><\/div>\n<\/div>\n<p><strong>All rates mentioned above per night, incl. VAT, excl. local tax.<\/strong><\/p>\n<div class=\"csRow\">\n<div class=\"csColumnGap\" style=\"margin: 0px; padding: 0px; float: left; width: 1.56%;\"><img src=\"http:\/\/www.koschutahaus.at\/wp-content\/plugins\/advanced-wp-columns\/assets\/js\/plugins\/views\/img\/1x1-pixel.png\" alt=\"\" \/><\/div>\n<div class=\"csColumn\" style=\"margin: 0px; padding: 0px; float: left; width: 47.6%;\" data-csid=\"3e49ac13-02a0-3786-9bff-29f3830f57f0\" data-cswidth=\"47.6%\" data-csendpoint=\"472\" data-csstartpoint=\"15\"><\/div>\n<div class=\"csColumnGap\" style=\"margin: 0px; padding: 0px; float: left; width: 1.56%;\"><img src=\"http:\/\/www.koschutahaus.at\/wp-content\/plugins\/advanced-wp-columns\/assets\/js\/plugins\/views\/img\/1x1-pixel.png\" alt=\"\" \/><\/div>\n<div class=\"csColumn\" style=\"margin: 0px; padding: 0px; float: left; width: 47.7%;\" data-csid=\"311fcccd-60db-462d-942e-ae068f6c94d6\" data-cswidth=\"47.7%\" data-csendpoint=\"945\" data-csstartpoint=\"487\"><\/div>\n<div class=\"csColumnGap\" style=\"margin: 0px; padding: 0px; float: left; width: 1.56%;\"><img src=\"http:\/\/www.koschutahaus.at\/wp-content\/plugins\/advanced-wp-columns\/assets\/js\/plugins\/views\/img\/1x1-pixel.png\" alt=\"\" \/><\/div>\n<div style=\"clear: both; float: none; display: block; visibility: hidden; width: 0px; font-size: 0px; line-height: 0;\"><\/div>\n<\/div>","protected":false},"excerpt":{"rendered":"<p>Our prices are always fair &#8211; so there is more left for sweets.<br \/>\nYou don\u00b4t have to spend a lot of money for nice holidays &#8211; so you can get away more often and maybe even something is left at the end.<\/p>\n","protected":false},"author":2,"featured_media":2218,"parent":0,"menu_order":7,"comment_status":"closed","ping_status":"closed","template":"","meta":[],"tags":[5,13,25],"yoast_head":"<!-- This site is optimized with the Yoast SEO plugin v18.3 - https:\/\/yoast.com\/wordpress\/plugins\/seo\/ -->\n<title>Servus am Ponyhof Nachbar | Preise<\/title>\n<meta name=\"description\" content=\"Unsere Preise - da mu\u00df man nicht viel Geld f\u00fcr den Urlaub in die Hand nehmen. So kann man \u00f6fters wegfahren und vielleicht bleibt sogar noch etwas \u00fcbrig...\" \/>\n<meta name=\"robots\" content=\"index, follow, max-snippet:-1, max-image-preview:large, max-video-preview:-1\" \/>\n<link rel=\"canonical\" href=\"http:\/\/www.ponyhofnachbar.at\/preise\/\" \/>\n<meta property=\"og:locale\" content=\"en_US\" \/>\n<meta property=\"og:type\" content=\"article\" \/>\n<meta property=\"og:title\" content=\"[:de]Servus am Ponyhof Nachbar | Preise[:en]Servus am Ponyhof Nachbar | Preise[:it]Servus am Ponyhof Nachbar | Preise[:cs]Servus am Ponyhof Nachbar | Ceny[:]\" \/>\n<meta property=\"og:description\" content=\"{:de}Unsere Preise - da mu\u00df man nicht viel Geld f\u00fcr den Urlaub in die Hand nehmen. So kann man \u00f6fters wegfahren und vielleicht bleibt sogar noch etwas \u00fcbrig...{:en}Unsere Preise - da mu\u00df man nicht viel Geld f\u00fcr den Urlaub in die Hand nehmen. So kann man \u00f6fters wegfahren und vielleicht bleibt sogar noch etwas \u00fcbrig...{:it}Unsere Preise - da mu\u00df man nicht viel Geld f\u00fcr den Urlaub in die Hand nehmen. So kann man \u00f6fters wegfahren und vielleicht bleibt sogar noch etwas \u00fcbrig...{:cs}Na\u0161e ceny jsou v\u017edycky f\u00e9r \u2013 host\u016fm zbyde na mls\u00e1n\u00ed. Nemus\u00edte m\u00edt spoustu pen\u011bz, abyste si mohli vychutn\u00e1vat p\u0159\u00edjemnou dovolenou \u2013 tak m\u016f\u017eete vyrazit \u010dast\u011bji a je\u0161t\u011b V\u00e1m na konci mo\u017en\u00e1 n\u011bco zbyde.{:}\" \/>\n<meta property=\"og:url\" content=\"http:\/\/www.ponyhofnachbar.at\/preise\/\" \/>\n<meta property=\"og:site_name\" content=\"Welcome to Ponyhof Nachbar!\" \/>\n<meta property=\"article:modified_time\" content=\"2022-03-18T09:34:35+00:00\" \/>\n<meta property=\"og:image\" content=\"http:\/\/www.ponyhofnachbar.at\/wp-content\/uploads\/bananas-282340_640.jpg\" \/>\n\t<meta property=\"og:image:width\" content=\"640\" \/>\n\t<meta property=\"og:image:height\" content=\"423\" \/>\n\t<meta property=\"og:image:type\" content=\"image\/jpeg\" \/>\n<meta name=\"twitter:card\" content=\"summary\" \/>\n<meta name=\"twitter:label1\" content=\"Est. reading time\" \/>\n\t<meta name=\"twitter:data1\" content=\"6 minutes\" \/>\n<script type=\"application\/ld+json\" class=\"yoast-schema-graph\">{\"@context\":\"https:\/\/schema.org\",\"@graph\":[{\"@type\":\"WebSite\",\"@id\":\"http:\/\/www.ponyhofnachbar.at\/#website\",\"url\":\"http:\/\/www.ponyhofnachbar.at\/\",\"name\":\"Welcome to Ponyhof Nachbar!\",\"description\":\"Holiday on the Farm | Holidays at the Ponyhof | Gasthof Nachbar - Lake Klopeiner See\",\"potentialAction\":[{\"@type\":\"SearchAction\",\"target\":{\"@type\":\"EntryPoint\",\"urlTemplate\":\"http:\/\/www.ponyhofnachbar.at\/?s={search_term_string}\"},\"query-input\":\"required name=search_term_string\"}],\"inLanguage\":\"en-US\"},{\"@type\":\"ImageObject\",\"@id\":\"http:\/\/www.ponyhofnachbar.at\/preise\/#primaryimage\",\"inLanguage\":\"en-US\",\"url\":\"http:\/\/www.ponyhofnachbar.at\/wp-content\/uploads\/bananas-282340_640.jpg\",\"contentUrl\":\"http:\/\/www.ponyhofnachbar.at\/wp-content\/uploads\/bananas-282340_640.jpg\",\"width\":640,\"height\":423,\"caption\":\"\u00a9 CC0 - Pixabay\"},{\"@type\":\"WebPage\",\"@id\":\"http:\/\/www.ponyhofnachbar.at\/preise\/#webpage\",\"url\":\"http:\/\/www.ponyhofnachbar.at\/preise\/\",\"name\":\"[:de]Servus am Ponyhof Nachbar | Preise[:en]Servus am Ponyhof Nachbar | Preise[:it]Servus am Ponyhof Nachbar | Preise[:cs]Servus am Ponyhof Nachbar | Ceny[:]\",\"isPartOf\":{\"@id\":\"http:\/\/www.ponyhofnachbar.at\/#website\"},\"primaryImageOfPage\":{\"@id\":\"http:\/\/www.ponyhofnachbar.at\/preise\/#primaryimage\"},\"datePublished\":\"2014-08-06T07:17:48+00:00\",\"dateModified\":\"2022-03-18T09:34:35+00:00\",\"description\":\"{:de}Unsere Preise - da mu\u00df man nicht viel Geld f\u00fcr den Urlaub in die Hand nehmen. So kann man \u00f6fters wegfahren und vielleicht bleibt sogar noch etwas \u00fcbrig...{:en}Unsere Preise - da mu\u00df man nicht viel Geld f\u00fcr den Urlaub in die Hand nehmen. So kann man \u00f6fters wegfahren und vielleicht bleibt sogar noch etwas \u00fcbrig...{:it}Unsere Preise - da mu\u00df man nicht viel Geld f\u00fcr den Urlaub in die Hand nehmen. So kann man \u00f6fters wegfahren und vielleicht bleibt sogar noch etwas \u00fcbrig...{:cs}Na\u0161e ceny jsou v\u017edycky f\u00e9r \u2013 host\u016fm zbyde na mls\u00e1n\u00ed. Nemus\u00edte m\u00edt spoustu pen\u011bz, abyste si mohli vychutn\u00e1vat p\u0159\u00edjemnou dovolenou \u2013 tak m\u016f\u017eete vyrazit \u010dast\u011bji a je\u0161t\u011b V\u00e1m na konci mo\u017en\u00e1 n\u011bco zbyde.{:}\",\"breadcrumb\":{\"@id\":\"http:\/\/www.ponyhofnachbar.at\/preise\/#breadcrumb\"},\"inLanguage\":\"en-US\",\"potentialAction\":[{\"@type\":\"ReadAction\",\"target\":[\"http:\/\/www.ponyhofnachbar.at\/preise\/\"]}]},{\"@type\":\"BreadcrumbList\",\"@id\":\"http:\/\/www.ponyhofnachbar.at\/preise\/#breadcrumb\",\"itemListElement\":[{\"@type\":\"ListItem\",\"position\":1,\"name\":\"Home\",\"item\":\"http:\/\/www.ponyhofnachbar.at\/en\/\"},{\"@type\":\"ListItem\",\"position\":2,\"name\":\"PREISE\"}]}]}<\/script>\n<!-- \/ Yoast SEO plugin. -->","yoast_head_json":{"title":"Servus am Ponyhof Nachbar | Preise","description":"Unsere Preise - da mu\u00df man nicht viel Geld f\u00fcr den Urlaub in die Hand nehmen. So kann man \u00f6fters wegfahren und vielleicht bleibt sogar noch etwas \u00fcbrig...","robots":{"index":"index","follow":"follow","max-snippet":"max-snippet:-1","max-image-preview":"max-image-preview:large","max-video-preview":"max-video-preview:-1"},"canonical":"http:\/\/www.ponyhofnachbar.at\/preise\/","og_locale":"en_US","og_type":"article","og_title":"[:de]Servus am Ponyhof Nachbar | Preise[:en]Servus am Ponyhof Nachbar | Preise[:it]Servus am Ponyhof Nachbar | Preise[:cs]Servus am Ponyhof Nachbar | Ceny[:]","og_description":"{:de}Unsere Preise - da mu\u00df man nicht viel Geld f\u00fcr den Urlaub in die Hand nehmen. So kann man \u00f6fters wegfahren und vielleicht bleibt sogar noch etwas \u00fcbrig...{:en}Unsere Preise - da mu\u00df man nicht viel Geld f\u00fcr den Urlaub in die Hand nehmen. So kann man \u00f6fters wegfahren und vielleicht bleibt sogar noch etwas \u00fcbrig...{:it}Unsere Preise - da mu\u00df man nicht viel Geld f\u00fcr den Urlaub in die Hand nehmen. So kann man \u00f6fters wegfahren und vielleicht bleibt sogar noch etwas \u00fcbrig...{:cs}Na\u0161e ceny jsou v\u017edycky f\u00e9r \u2013 host\u016fm zbyde na mls\u00e1n\u00ed. Nemus\u00edte m\u00edt spoustu pen\u011bz, abyste si mohli vychutn\u00e1vat p\u0159\u00edjemnou dovolenou \u2013 tak m\u016f\u017eete vyrazit \u010dast\u011bji a je\u0161t\u011b V\u00e1m na konci mo\u017en\u00e1 n\u011bco zbyde.{:}","og_url":"http:\/\/www.ponyhofnachbar.at\/preise\/","og_site_name":"Welcome to Ponyhof Nachbar!","article_modified_time":"2022-03-18T09:34:35+00:00","og_image":[{"width":640,"height":423,"url":"http:\/\/www.ponyhofnachbar.at\/wp-content\/uploads\/bananas-282340_640.jpg","type":"image\/jpeg"}],"twitter_card":"summary","twitter_misc":{"Est. reading time":"6 minutes"},"schema":{"@context":"https:\/\/schema.org","@graph":[{"@type":"WebSite","@id":"http:\/\/www.ponyhofnachbar.at\/#website","url":"http:\/\/www.ponyhofnachbar.at\/","name":"Welcome to Ponyhof Nachbar!","description":"Holiday on the Farm | Holidays at the Ponyhof | Gasthof Nachbar - Lake Klopeiner See","potentialAction":[{"@type":"SearchAction","target":{"@type":"EntryPoint","urlTemplate":"http:\/\/www.ponyhofnachbar.at\/?s={search_term_string}"},"query-input":"required name=search_term_string"}],"inLanguage":"en-US"},{"@type":"ImageObject","@id":"http:\/\/www.ponyhofnachbar.at\/preise\/#primaryimage","inLanguage":"en-US","url":"http:\/\/www.ponyhofnachbar.at\/wp-content\/uploads\/bananas-282340_640.jpg","contentUrl":"http:\/\/www.ponyhofnachbar.at\/wp-content\/uploads\/bananas-282340_640.jpg","width":640,"height":423,"caption":"\u00a9 CC0 - Pixabay"},{"@type":"WebPage","@id":"http:\/\/www.ponyhofnachbar.at\/preise\/#webpage","url":"http:\/\/www.ponyhofnachbar.at\/preise\/","name":"[:de]Servus am Ponyhof Nachbar | Preise[:en]Servus am Ponyhof Nachbar | Preise[:it]Servus am Ponyhof Nachbar | Preise[:cs]Servus am Ponyhof Nachbar | Ceny[:]","isPartOf":{"@id":"http:\/\/www.ponyhofnachbar.at\/#website"},"primaryImageOfPage":{"@id":"http:\/\/www.ponyhofnachbar.at\/preise\/#primaryimage"},"datePublished":"2014-08-06T07:17:48+00:00","dateModified":"2022-03-18T09:34:35+00:00","description":"{:de}Unsere Preise - da mu\u00df man nicht viel Geld f\u00fcr den Urlaub in die Hand nehmen. So kann man \u00f6fters wegfahren und vielleicht bleibt sogar noch etwas \u00fcbrig...{:en}Unsere Preise - da mu\u00df man nicht viel Geld f\u00fcr den Urlaub in die Hand nehmen. So kann man \u00f6fters wegfahren und vielleicht bleibt sogar noch etwas \u00fcbrig...{:it}Unsere Preise - da mu\u00df man nicht viel Geld f\u00fcr den Urlaub in die Hand nehmen. So kann man \u00f6fters wegfahren und vielleicht bleibt sogar noch etwas \u00fcbrig...{:cs}Na\u0161e ceny jsou v\u017edycky f\u00e9r \u2013 host\u016fm zbyde na mls\u00e1n\u00ed. Nemus\u00edte m\u00edt spoustu pen\u011bz, abyste si mohli vychutn\u00e1vat p\u0159\u00edjemnou dovolenou \u2013 tak m\u016f\u017eete vyrazit \u010dast\u011bji a je\u0161t\u011b V\u00e1m na konci mo\u017en\u00e1 n\u011bco zbyde.{:}","breadcrumb":{"@id":"http:\/\/www.ponyhofnachbar.at\/preise\/#breadcrumb"},"inLanguage":"en-US","potentialAction":[{"@type":"ReadAction","target":["http:\/\/www.ponyhofnachbar.at\/preise\/"]}]},{"@type":"BreadcrumbList","@id":"http:\/\/www.ponyhofnachbar.at\/preise\/#breadcrumb","itemListElement":[{"@type":"ListItem","position":1,"name":"Home","item":"http:\/\/www.ponyhofnachbar.at\/en\/"},{"@type":"ListItem","position":2,"name":"PREISE"}]}]}},"_links":{"self":[{"href":"http:\/\/www.ponyhofnachbar.at\/en\/wp-json\/wp\/v2\/pages\/124"}],"collection":[{"href":"http:\/\/www.ponyhofnachbar.at\/en\/wp-json\/wp\/v2\/pages"}],"about":[{"href":"http:\/\/www.ponyhofnachbar.at\/en\/wp-json\/wp\/v2\/types\/page"}],"author":[{"embeddable":true,"href":"http:\/\/www.ponyhofnachbar.at\/en\/wp-json\/wp\/v2\/users\/2"}],"replies":[{"embeddable":true,"href":"http:\/\/www.ponyhofnachbar.at\/en\/wp-json\/wp\/v2\/comments?post=124"}],"version-history":[{"count":10,"href":"http:\/\/www.ponyhofnachbar.at\/en\/wp-json\/wp\/v2\/pages\/124\/revisions"}],"predecessor-version":[{"id":351975,"href":"http:\/\/www.ponyhofnachbar.at\/en\/wp-json\/wp\/v2\/pages\/124\/revisions\/351975"}],"wp:featuredmedia":[{"embeddable":true,"href":"http:\/\/www.ponyhofnachbar.at\/en\/wp-json\/wp\/v2\/media\/2218"}],"wp:attachment":[{"href":"http:\/\/www.ponyhofnachbar.at\/en\/wp-json\/wp\/v2\/media?parent=124"}],"wp:term":[{"taxonomy":"post_tag","embeddable":true,"href":"http:\/\/www.ponyhofnachbar.at\/en\/wp-json\/wp\/v2\/tags?post=124"}],"curies":[{"name":"wp","href":"https:\/\/api.w.org\/{rel}","templated":true}]}}