{"id":107,"date":"2014-08-06T07:52:40","date_gmt":"2014-08-06T05:52:40","guid":{"rendered":"http:\/\/localhost\/wordpress\/?page_id=107"},"modified":"2021-06-10T14:20:06","modified_gmt":"2021-06-10T12:20:06","slug":"unsere-familie","status":"publish","type":"page","link":"http:\/\/www.ponyhofnachbar.at\/en\/unsere-familie\/","title":{"rendered":"OUR FAMILY"},"content":{"rendered":"<h2>About our family &#8211; we are the Nachbars!<\/h2>\n<p>We are the Nachbar -Family and run the Ponyhof Nachbar, a family operated inn with a great range of leisure activities close to Lake Klopeiner See. You can also find us on Facebook: <a href=\"https:\/\/www.facebook.com\/pages\/Gasthof-Pension-Ponyhof-Nachbar\/173921402621108\" target=\"_blank\" rel=\"noopener noreferrer\">Gasthof Pension Ponyhof Nachbar<\/a>.<\/p>\n<p>Throughout the year (depending on weather) this house is fully managed (half board bookable).<br \/>\nOur guests are spoiled with carefully prepared home-style food from the Carinthian Cuisine (the foods originate mainly from our own production)!<\/p>\n<h3>The Main Actors<\/h3>\n<div class=\"su-row\">\n<div class=\"su-column su-column-size-1-3\"><div class=\"su-column-inner su-u-clearfix su-u-trim\">\n<p><strong>Milli &#8211; our &#8220;Gray Eminence&#8221;<br \/>\n<\/strong>Our grandma&#8230; she was the queen of the kitchen.<strong><br \/>\n<\/strong><\/p>\n<p><img loading=\"lazy\" class=\"alignnone wp-image-2300 size-full\" src=\"http:\/\/www.ponyhofnachbar.at\/wp-content\/uploads\/oma-und-opa-e1485255160819.jpg\" alt=\"Oma Nachbar\" width=\"733\" height=\"941\" srcset=\"http:\/\/www.ponyhofnachbar.at\/wp-content\/uploads\/oma-und-opa-e1485255160819.jpg 733w, http:\/\/www.ponyhofnachbar.at\/wp-content\/uploads\/oma-und-opa-e1485255160819-156x200.jpg 156w, http:\/\/www.ponyhofnachbar.at\/wp-content\/uploads\/oma-und-opa-e1485255160819-400x514.jpg 400w\" sizes=\"(max-width: 733px) 100vw, 733px\" \/><\/p>\n<p>She closed her eyes in February 2021 at the age of almost 90 years.<br \/>\nKitchen has lost her solu &#8211; we miss her so much.<\/p>\n<p><strong>Grandpa<\/strong> &#8230; left us in the summer of 2016 at the age of 88 years.<\/p>\n<p><img loading=\"lazy\" class=\"alignnone size-full wp-image-2230\" src=\"http:\/\/www.ponyhofnachbar.at\/wp-content\/uploads\/opa_mit_glas.jpg\" alt=\"opa_mit_glas\" width=\"400\" height=\"533\" srcset=\"http:\/\/www.ponyhofnachbar.at\/wp-content\/uploads\/opa_mit_glas.jpg 400w, http:\/\/www.ponyhofnachbar.at\/wp-content\/uploads\/opa_mit_glas-150x200.jpg 150w\" sizes=\"(max-width: 400px) 100vw, 400px\" \/><\/p>\n<p>He has left a big gap and we miss him.<\/p>\n<\/div><\/div>\n<div class=\"su-column su-column-size-1-3\"><div class=\"su-column-inner su-u-clearfix su-u-trim\">\n<p><strong>Helga<\/strong><\/p>\n<p><img loading=\"lazy\" class=\"alignnone size-full wp-image-2194\" src=\"http:\/\/www.ponyhofnachbar.at\/wp-content\/uploads\/helga_auf_latur-e1433595505453.jpg\" alt=\"helga_auf_latur\" width=\"300\" height=\"250\" srcset=\"http:\/\/www.ponyhofnachbar.at\/wp-content\/uploads\/helga_auf_latur-e1433595505453.jpg 300w, http:\/\/www.ponyhofnachbar.at\/wp-content\/uploads\/helga_auf_latur-e1433595505453-200x167.jpg 200w\" sizes=\"(max-width: 300px) 100vw, 300px\" \/><\/p>\n<p>The girl for everything and grandma as well.<br \/>\nShe goes to bed late and still is up early.<br \/>\nShe cooks, tractors, hammers, chainsaws, plays poker and sometimes gets a purple thumb&#8230;<\/p>\n<p><strong>Susi&#8230;<\/strong> is the daughter of the girl for everything and takes care of &#8211; everything.<\/p>\n<p><img loading=\"lazy\" class=\"alignnone size-full wp-image-2231\" src=\"http:\/\/www.ponyhofnachbar.at\/wp-content\/uploads\/susi_felix.jpg\" alt=\"Susi und Felix\" width=\"400\" height=\"533\" srcset=\"http:\/\/www.ponyhofnachbar.at\/wp-content\/uploads\/susi_felix.jpg 400w, http:\/\/www.ponyhofnachbar.at\/wp-content\/uploads\/susi_felix-150x200.jpg 150w\" sizes=\"(max-width: 400px) 100vw, 400px\" \/><\/p>\n<p><strong>Lissi&#8230;<\/strong> the younger daughter of the girl for everything.<br \/>\nJournalist for one of the biggest national newspapers, but when she is at home she slaves away like the others.<\/p>\n<p><img loading=\"lazy\" class=\"alignnone wp-image-2235 size-thumbnail\" src=\"http:\/\/www.ponyhofnachbar.at\/wp-content\/uploads\/lisi_avatar-149x200.jpg\" alt=\"lisi_avatar\" width=\"149\" height=\"200\" srcset=\"http:\/\/www.ponyhofnachbar.at\/wp-content\/uploads\/lisi_avatar-149x200.jpg 149w, http:\/\/www.ponyhofnachbar.at\/wp-content\/uploads\/lisi_avatar.jpg 300w\" sizes=\"(max-width: 149px) 100vw, 149px\" \/><br \/>\nShe does not want a photo here.<\/p>\n<\/div><\/div>\n<div class=\"su-column su-column-size-1-3\"><div class=\"su-column-inner su-u-clearfix su-u-trim\">\n<p><strong>Felix&#8230;<\/strong> is the youngest.<\/p>\n<p><img loading=\"lazy\" class=\"alignnone size-full wp-image-2232\" src=\"http:\/\/www.ponyhofnachbar.at\/wp-content\/uploads\/felix_am_dreirad.jpg\" alt=\"Unser Felix - der Lausbub in der Familie\" width=\"400\" height=\"533\" srcset=\"http:\/\/www.ponyhofnachbar.at\/wp-content\/uploads\/felix_am_dreirad.jpg 400w, http:\/\/www.ponyhofnachbar.at\/wp-content\/uploads\/felix_am_dreirad-150x200.jpg 150w\" sizes=\"(max-width: 400px) 100vw, 400px\" \/><\/p>\n<p>He is Susie\u00b4s son. Earlier he kept the whole family pretty on the go.<br \/>\nNow his teachers have to keep moving.<\/p>\n<p><strong>Helena&#8230;<\/strong> is his elder sister.<\/p>\n<p><img loading=\"lazy\" class=\"alignnone size-full wp-image-2233\" src=\"http:\/\/www.ponyhofnachbar.at\/wp-content\/uploads\/elena_spaghetti.jpg\" alt=\"Elena und ihre Spagetti\" width=\"400\" height=\"533\" srcset=\"http:\/\/www.ponyhofnachbar.at\/wp-content\/uploads\/elena_spaghetti.jpg 400w, http:\/\/www.ponyhofnachbar.at\/wp-content\/uploads\/elena_spaghetti-150x200.jpg 150w\" sizes=\"(max-width: 400px) 100vw, 400px\" \/><\/p>\n<p>She already goes to school and is pretty clever.<br \/>\nMeanwhile she already knows the trick, how to wrap the boys around her finger.<\/p>\n<\/div><\/div>\n<\/div>\n<div class=\"su-row\">\n<div class=\"su-column su-column-size-1-3\"><div class=\"su-column-inner su-u-clearfix su-u-trim\">\n<p><strong>The Entertainer<br \/>\n<\/strong><\/p>\n<p><img loading=\"lazy\" class=\"alignnone size-full wp-image-2226\" src=\"http:\/\/www.ponyhofnachbar.at\/wp-content\/uploads\/animal-195791_640-e1433610991238.jpg\" alt=\"animal-195791_640\" width=\"523\" height=\"408\" srcset=\"http:\/\/www.ponyhofnachbar.at\/wp-content\/uploads\/animal-195791_640-e1433610991238.jpg 523w, http:\/\/www.ponyhofnachbar.at\/wp-content\/uploads\/animal-195791_640-e1433610991238-200x156.jpg 200w, http:\/\/www.ponyhofnachbar.at\/wp-content\/uploads\/animal-195791_640-e1433610991238-400x312.jpg 400w\" sizes=\"(max-width: 523px) 100vw, 523px\" \/><\/p>\n<p>He is a chicken admirer, keeps his ladies happy and is responsible for the chick production.<\/p>\n<\/div><\/div>\n<div class=\"su-column su-column-size-1-3\"><div class=\"su-column-inner su-u-clearfix su-u-trim\">\n<p><strong>The Poonies&#8230;<\/strong><\/p>\n<p><img loading=\"lazy\" class=\"alignnone size-full wp-image-2196\" src=\"http:\/\/www.ponyhofnachbar.at\/wp-content\/uploads\/slappytheseal_Foter_CC-BY-ND-e1433598063437.jpg\" alt=\"IMG_1828\" width=\"319\" height=\"450\" srcset=\"http:\/\/www.ponyhofnachbar.at\/wp-content\/uploads\/slappytheseal_Foter_CC-BY-ND-e1433598063437.jpg 319w, http:\/\/www.ponyhofnachbar.at\/wp-content\/uploads\/slappytheseal_Foter_CC-BY-ND-e1433598063437-142x200.jpg 142w\" sizes=\"(max-width: 319px) 100vw, 319px\" \/><\/p>\n<p>Our family members who are patient used to be picked on.<\/p>\n<\/div><\/div>\n<div class=\"su-column su-column-size-1-3\"><div class=\"su-column-inner su-u-clearfix su-u-trim\">\n<p><strong>The Woof-Woofs<br \/>\n<\/strong><\/p>\n<p><img loading=\"lazy\" class=\"alignnone size-full wp-image-2197\" src=\"http:\/\/www.ponyhofnachbar.at\/wp-content\/uploads\/oma_und_hunde-e1433598364932.jpg\" alt=\"oma_und_hunde\" width=\"508\" height=\"468\" srcset=\"http:\/\/www.ponyhofnachbar.at\/wp-content\/uploads\/oma_und_hunde-e1433598364932.jpg 508w, http:\/\/www.ponyhofnachbar.at\/wp-content\/uploads\/oma_und_hunde-e1433598364932-200x184.jpg 200w, http:\/\/www.ponyhofnachbar.at\/wp-content\/uploads\/oma_und_hunde-e1433598364932-400x369.jpg 400w\" sizes=\"(max-width: 508px) 100vw, 508px\" \/><\/p>\n<p>Because they have good manners, you do not realize that they are even there.<br \/>\nThey were the guards of grandma, the chicken harem and your breakfast eggs.<\/p>\n<\/div><\/div>\n<\/div>\n<h3>Ponyhof Nachbar is a real family business!<\/h3>","protected":false},"excerpt":{"rendered":"<p class=\"qtranxs-available-languages-message qtranxs-available-languages-message-en\">Sorry, this entry is only available in <a href=\"http:\/\/www.ponyhofnachbar.at\/cs\/wp-json\/wp\/v2\/pages\/107\" class=\"qtranxs-available-language-link qtranxs-available-language-link-cs\" title=\"\u010ce\u0161tina\">\u010ce\u0161tina<\/a>.<\/p>\n","protected":false},"author":2,"featured_media":2198,"parent":0,"menu_order":3,"comment_status":"closed","ping_status":"closed","template":"","meta":[],"tags":[6,7,12,13,25],"yoast_head":"<!-- This site is optimized with the Yoast SEO plugin v18.3 - https:\/\/yoast.com\/wordpress\/plugins\/seo\/ -->\n<title>\u00dcber uns - wir sind die Familie Nachbar<\/title>\n<meta name=\"description\" content=\"\u00dcber uns - wir sind die Familie Nachbar und betreiben den Ponyhof-Nachbar, dem Familienbetrieb mit einem tollem Freizeitangebot beim Klopeiner See.\" \/>\n<meta name=\"robots\" content=\"index, follow, max-snippet:-1, max-image-preview:large, max-video-preview:-1\" \/>\n<link rel=\"canonical\" href=\"http:\/\/www.ponyhofnachbar.at\/en\/unsere-familie\/\" \/>\n<meta property=\"og:locale\" content=\"en_US\" \/>\n<meta property=\"og:type\" content=\"article\" \/>\n<meta property=\"og:title\" content=\"[:de]Unsere Familie - wir sind die Nachbars![:en]\u00dcber uns - wir sind die Familie Nachbar[:it]\u00dcber uns - wir sind die Familie Nachbar[:cs]O n\u00e1s - my jsme rodina Nachbar![:]\" \/>\n<meta property=\"og:description\" content=\"{:de}Wir sind die Familie Nachbar und betreiben den Ponyhof-Nachbar, dem Familienbetrieb mit einem tollem Freizeitangebot beim Klopeiner See.{:en}\u00dcber uns - wir sind die Familie Nachbar und betreiben den Ponyhof-Nachbar, dem Familienbetrieb mit einem tollem Freizeitangebot beim Klopeiner See.{:it}\u00dcber uns - wir sind die Familie Nachbar und betreiben den Ponyhof-Nachbar, dem Familienbetrieb mit einem tollem Freizeitangebot beim Klopeiner See.{:cs}My jsme rodina Nachbar a provozujeme Ponyhof - Nachbar, rodinn\u00fd podnik s velkou nab\u00eddkou volno\u010dasov\u00fdch aktivit u jezera Klopein.{:}\" \/>\n<meta property=\"og:url\" content=\"http:\/\/www.ponyhofnachbar.at\/en\/unsere-familie\/\" \/>\n<meta property=\"og:site_name\" content=\"Welcome to Ponyhof Nachbar!\" \/>\n<meta property=\"article:modified_time\" content=\"2021-06-10T12:20:06+00:00\" \/>\n<meta property=\"og:image\" content=\"http:\/\/www.ponyhofnachbar.at\/wp-content\/uploads\/Imagebase41180.jpg\" \/>\n\t<meta property=\"og:image:width\" content=\"800\" \/>\n\t<meta property=\"og:image:height\" content=\"600\" \/>\n\t<meta property=\"og:image:type\" content=\"image\/jpeg\" \/>\n<meta name=\"twitter:card\" content=\"summary\" \/>\n<meta name=\"twitter:label1\" content=\"Est. reading time\" \/>\n\t<meta name=\"twitter:data1\" content=\"14 minutes\" \/>\n<script type=\"application\/ld+json\" class=\"yoast-schema-graph\">{\"@context\":\"https:\/\/schema.org\",\"@graph\":[{\"@type\":\"WebSite\",\"@id\":\"http:\/\/www.ponyhofnachbar.at\/#website\",\"url\":\"http:\/\/www.ponyhofnachbar.at\/\",\"name\":\"Welcome to Ponyhof Nachbar!\",\"description\":\"Holiday on the Farm | Holidays at the Ponyhof | Gasthof Nachbar - Lake Klopeiner See\",\"potentialAction\":[{\"@type\":\"SearchAction\",\"target\":{\"@type\":\"EntryPoint\",\"urlTemplate\":\"http:\/\/www.ponyhofnachbar.at\/?s={search_term_string}\"},\"query-input\":\"required name=search_term_string\"}],\"inLanguage\":\"en-US\"},{\"@type\":\"ImageObject\",\"@id\":\"http:\/\/www.ponyhofnachbar.at\/en\/unsere-familie\/#primaryimage\",\"inLanguage\":\"en-US\",\"url\":\"http:\/\/www.ponyhofnachbar.at\/wp-content\/uploads\/Imagebase41180.jpg\",\"contentUrl\":\"http:\/\/www.ponyhofnachbar.at\/wp-content\/uploads\/Imagebase41180.jpg\",\"width\":800,\"height\":600,\"caption\":\"\u00a9 David Niblack - imagebase.net\"},{\"@type\":\"WebPage\",\"@id\":\"http:\/\/www.ponyhofnachbar.at\/en\/unsere-familie\/#webpage\",\"url\":\"http:\/\/www.ponyhofnachbar.at\/en\/unsere-familie\/\",\"name\":\"[:de]Unsere Familie - wir sind die Nachbars![:en]\u00dcber uns - wir sind die Familie Nachbar[:it]\u00dcber uns - wir sind die Familie Nachbar[:cs]O n\u00e1s - my jsme rodina Nachbar![:]\",\"isPartOf\":{\"@id\":\"http:\/\/www.ponyhofnachbar.at\/#website\"},\"primaryImageOfPage\":{\"@id\":\"http:\/\/www.ponyhofnachbar.at\/en\/unsere-familie\/#primaryimage\"},\"datePublished\":\"2014-08-06T05:52:40+00:00\",\"dateModified\":\"2021-06-10T12:20:06+00:00\",\"description\":\"{:de}Wir sind die Familie Nachbar und betreiben den Ponyhof-Nachbar, dem Familienbetrieb mit einem tollem Freizeitangebot beim Klopeiner See.{:en}\u00dcber uns - wir sind die Familie Nachbar und betreiben den Ponyhof-Nachbar, dem Familienbetrieb mit einem tollem Freizeitangebot beim Klopeiner See.{:it}\u00dcber uns - wir sind die Familie Nachbar und betreiben den Ponyhof-Nachbar, dem Familienbetrieb mit einem tollem Freizeitangebot beim Klopeiner See.{:cs}My jsme rodina Nachbar a provozujeme Ponyhof - Nachbar, rodinn\u00fd podnik s velkou nab\u00eddkou volno\u010dasov\u00fdch aktivit u jezera Klopein.{:}\",\"breadcrumb\":{\"@id\":\"http:\/\/www.ponyhofnachbar.at\/en\/unsere-familie\/#breadcrumb\"},\"inLanguage\":\"en-US\",\"potentialAction\":[{\"@type\":\"ReadAction\",\"target\":[\"http:\/\/www.ponyhofnachbar.at\/en\/unsere-familie\/\"]}]},{\"@type\":\"BreadcrumbList\",\"@id\":\"http:\/\/www.ponyhofnachbar.at\/en\/unsere-familie\/#breadcrumb\",\"itemListElement\":[{\"@type\":\"ListItem\",\"position\":1,\"name\":\"Home\",\"item\":\"http:\/\/www.ponyhofnachbar.at\/en\/\"},{\"@type\":\"ListItem\",\"position\":2,\"name\":\"UNSERE FAMILIE\"}]}]}<\/script>\n<!-- \/ Yoast SEO plugin. -->","yoast_head_json":{"title":"\u00dcber uns - wir sind die Familie Nachbar","description":"\u00dcber uns - wir sind die Familie Nachbar und betreiben den Ponyhof-Nachbar, dem Familienbetrieb mit einem tollem Freizeitangebot beim Klopeiner See.","robots":{"index":"index","follow":"follow","max-snippet":"max-snippet:-1","max-image-preview":"max-image-preview:large","max-video-preview":"max-video-preview:-1"},"canonical":"http:\/\/www.ponyhofnachbar.at\/en\/unsere-familie\/","og_locale":"en_US","og_type":"article","og_title":"[:de]Unsere Familie - wir sind die Nachbars![:en]\u00dcber uns - wir sind die Familie Nachbar[:it]\u00dcber uns - wir sind die Familie Nachbar[:cs]O n\u00e1s - my jsme rodina Nachbar![:]","og_description":"{:de}Wir sind die Familie Nachbar und betreiben den Ponyhof-Nachbar, dem Familienbetrieb mit einem tollem Freizeitangebot beim Klopeiner See.{:en}\u00dcber uns - wir sind die Familie Nachbar und betreiben den Ponyhof-Nachbar, dem Familienbetrieb mit einem tollem Freizeitangebot beim Klopeiner See.{:it}\u00dcber uns - wir sind die Familie Nachbar und betreiben den Ponyhof-Nachbar, dem Familienbetrieb mit einem tollem Freizeitangebot beim Klopeiner See.{:cs}My jsme rodina Nachbar a provozujeme Ponyhof - Nachbar, rodinn\u00fd podnik s velkou nab\u00eddkou volno\u010dasov\u00fdch aktivit u jezera Klopein.{:}","og_url":"http:\/\/www.ponyhofnachbar.at\/en\/unsere-familie\/","og_site_name":"Welcome to Ponyhof Nachbar!","article_modified_time":"2021-06-10T12:20:06+00:00","og_image":[{"width":800,"height":600,"url":"http:\/\/www.ponyhofnachbar.at\/wp-content\/uploads\/Imagebase41180.jpg","type":"image\/jpeg"}],"twitter_card":"summary","twitter_misc":{"Est. reading time":"14 minutes"},"schema":{"@context":"https:\/\/schema.org","@graph":[{"@type":"WebSite","@id":"http:\/\/www.ponyhofnachbar.at\/#website","url":"http:\/\/www.ponyhofnachbar.at\/","name":"Welcome to Ponyhof Nachbar!","description":"Holiday on the Farm | Holidays at the Ponyhof | Gasthof Nachbar - Lake Klopeiner See","potentialAction":[{"@type":"SearchAction","target":{"@type":"EntryPoint","urlTemplate":"http:\/\/www.ponyhofnachbar.at\/?s={search_term_string}"},"query-input":"required name=search_term_string"}],"inLanguage":"en-US"},{"@type":"ImageObject","@id":"http:\/\/www.ponyhofnachbar.at\/en\/unsere-familie\/#primaryimage","inLanguage":"en-US","url":"http:\/\/www.ponyhofnachbar.at\/wp-content\/uploads\/Imagebase41180.jpg","contentUrl":"http:\/\/www.ponyhofnachbar.at\/wp-content\/uploads\/Imagebase41180.jpg","width":800,"height":600,"caption":"\u00a9 David Niblack - imagebase.net"},{"@type":"WebPage","@id":"http:\/\/www.ponyhofnachbar.at\/en\/unsere-familie\/#webpage","url":"http:\/\/www.ponyhofnachbar.at\/en\/unsere-familie\/","name":"[:de]Unsere Familie - wir sind die Nachbars![:en]\u00dcber uns - wir sind die Familie Nachbar[:it]\u00dcber uns - wir sind die Familie Nachbar[:cs]O n\u00e1s - my jsme rodina Nachbar![:]","isPartOf":{"@id":"http:\/\/www.ponyhofnachbar.at\/#website"},"primaryImageOfPage":{"@id":"http:\/\/www.ponyhofnachbar.at\/en\/unsere-familie\/#primaryimage"},"datePublished":"2014-08-06T05:52:40+00:00","dateModified":"2021-06-10T12:20:06+00:00","description":"{:de}Wir sind die Familie Nachbar und betreiben den Ponyhof-Nachbar, dem Familienbetrieb mit einem tollem Freizeitangebot beim Klopeiner See.{:en}\u00dcber uns - wir sind die Familie Nachbar und betreiben den Ponyhof-Nachbar, dem Familienbetrieb mit einem tollem Freizeitangebot beim Klopeiner See.{:it}\u00dcber uns - wir sind die Familie Nachbar und betreiben den Ponyhof-Nachbar, dem Familienbetrieb mit einem tollem Freizeitangebot beim Klopeiner See.{:cs}My jsme rodina Nachbar a provozujeme Ponyhof - Nachbar, rodinn\u00fd podnik s velkou nab\u00eddkou volno\u010dasov\u00fdch aktivit u jezera Klopein.{:}","breadcrumb":{"@id":"http:\/\/www.ponyhofnachbar.at\/en\/unsere-familie\/#breadcrumb"},"inLanguage":"en-US","potentialAction":[{"@type":"ReadAction","target":["http:\/\/www.ponyhofnachbar.at\/en\/unsere-familie\/"]}]},{"@type":"BreadcrumbList","@id":"http:\/\/www.ponyhofnachbar.at\/en\/unsere-familie\/#breadcrumb","itemListElement":[{"@type":"ListItem","position":1,"name":"Home","item":"http:\/\/www.ponyhofnachbar.at\/en\/"},{"@type":"ListItem","position":2,"name":"UNSERE FAMILIE"}]}]}},"_links":{"self":[{"href":"http:\/\/www.ponyhofnachbar.at\/en\/wp-json\/wp\/v2\/pages\/107"}],"collection":[{"href":"http:\/\/www.ponyhofnachbar.at\/en\/wp-json\/wp\/v2\/pages"}],"about":[{"href":"http:\/\/www.ponyhofnachbar.at\/en\/wp-json\/wp\/v2\/types\/page"}],"author":[{"embeddable":true,"href":"http:\/\/www.ponyhofnachbar.at\/en\/wp-json\/wp\/v2\/users\/2"}],"replies":[{"embeddable":true,"href":"http:\/\/www.ponyhofnachbar.at\/en\/wp-json\/wp\/v2\/comments?post=107"}],"version-history":[{"count":4,"href":"http:\/\/www.ponyhofnachbar.at\/en\/wp-json\/wp\/v2\/pages\/107\/revisions"}],"predecessor-version":[{"id":6276,"href":"http:\/\/www.ponyhofnachbar.at\/en\/wp-json\/wp\/v2\/pages\/107\/revisions\/6276"}],"wp:featuredmedia":[{"embeddable":true,"href":"http:\/\/www.ponyhofnachbar.at\/en\/wp-json\/wp\/v2\/media\/2198"}],"wp:attachment":[{"href":"http:\/\/www.ponyhofnachbar.at\/en\/wp-json\/wp\/v2\/media?parent=107"}],"wp:term":[{"taxonomy":"post_tag","embeddable":true,"href":"http:\/\/www.ponyhofnachbar.at\/en\/wp-json\/wp\/v2\/tags?post=107"}],"curies":[{"name":"wp","href":"https:\/\/api.w.org\/{rel}","templated":true}]}}