{"id":2157,"date":"2014-08-06T08:37:36","date_gmt":"2014-08-06T06:37:36","guid":{"rendered":"http:\/\/show.esy.es\/essen-und-trinken-2\/"},"modified":"2020-07-15T15:10:27","modified_gmt":"2020-07-15T13:10:27","slug":"schlaf-gut","status":"publish","type":"page","link":"http:\/\/www.ponyhofnachbar.at\/cs\/schlaf-gut\/","title":{"rendered":"DOB\u0158E SE VYSPI"},"content":{"rendered":"<h2>Dobr\u00fd sp\u00e1nek \u2013 kr\u00e1sn\u00e9 sny!<\/h2>\n<p>Sp\u011bte dob\u0159e a sn\u011bte kr\u00e1sn\u011b!<br \/>\nDaleko od hluku, je to skv\u011bl\u00e9! R\u00e1no se probud\u00edte s\u00a0pta\u010d\u00edm zp\u011bvem, otev\u0159ete okno a vdechnete \u010derstv\u00fd lesn\u00ed vzduch. Osv\u00e8\u017eite se a mo\u017en\u00e1 si i zaplavete v baz\u00e9nu.<\/p>\n<p>Postele jsou pohodln\u00e9 a pokoje s balkonem. V\u0161echny pokoje jsou s\u00a0vlastn\u00ed koupelnou a WC, n\u00e8kter\u00e9 m\u00edstnosti nab\u00edzej\u00ed p\u0159\u00edm\u00fd p\u0159\u00edstup k\u00a0d\u011btsk\u00e9mu pokoji.<\/p>\n<p>Pr\u00e1zdninov\u00e9 byty disponuj\u00ed malou funk\u010dn\u00ed kuchyn\u00ed a terasou.<\/p>\n<p>&nbsp;<\/p>\n<div data-carousel-extra='{\"blog_id\":1,\"permalink\":\"http:\\\/\\\/www.ponyhofnachbar.at\\\/cs\\\/schlaf-gut\\\/\",\"likes_blog_id\":false}' class=\"tiled-gallery type-rectangular tiled-gallery-unresized\" data-original-width=\"700\"><div class=\"gallery-row\" style=\"width: 695px; height: 503px;\"><div class=\"gallery-group images-2\" style=\"width: 357px; height: 507px;\"><div class=\"tiled-gallery-item tiled-gallery-item-large\"><a href=\"http:\/\/www.ponyhofnachbar.at\/wp-content\/uploads\/gaestehaus_mit_obstgarten.jpg\"><img data-attachment-id=\"2205\" data-orig-file=\"http:\/\/www.ponyhofnachbar.at\/wp-content\/uploads\/gaestehaus_mit_obstgarten.jpg\" data-orig-size=\"800,531\" data-comments-opened=\"0\" data-image-meta=\"{&quot;aperture&quot;:&quot;0&quot;,&quot;credit&quot;:&quot;&quot;,&quot;camera&quot;:&quot;&quot;,&quot;caption&quot;:&quot;&quot;,&quot;created_timestamp&quot;:&quot;0&quot;,&quot;copyright&quot;:&quot;&quot;,&quot;focal_length&quot;:&quot;0&quot;,&quot;iso&quot;:&quot;0&quot;,&quot;shutter_speed&quot;:&quot;0&quot;,&quot;title&quot;:&quot;&quot;,&quot;orientation&quot;:&quot;0&quot;}\" data-image-title=\"gaestehaus_mit_obstgarten\" data-image-description=\"\" data-medium-file=\"http:\/\/www.ponyhofnachbar.at\/wp-content\/uploads\/gaestehaus_mit_obstgarten.jpg\" data-large-file=\"http:\/\/www.ponyhofnachbar.at\/wp-content\/uploads\/gaestehaus_mit_obstgarten.jpg\" src=\"http:\/\/www.ponyhofnachbar.at\/wp-content\/uploads\/gaestehaus_mit_obstgarten.jpg?w=353&#038;h=234\" width=\"353\" height=\"234\" align=\"left\" title=\"gaestehaus_mit_obstgarten\" \/><\/a><div class=\"tiled-gallery-caption\">Ponyhof Nachbar &#8211; G\u00e4stehaus<\/div><\/div><div class=\"tiled-gallery-item tiled-gallery-item-large\"><a href=\"http:\/\/www.ponyhofnachbar.at\/wp-content\/uploads\/eingang_mit_palmen.jpg\"><img data-attachment-id=\"2203\" data-orig-file=\"http:\/\/www.ponyhofnachbar.at\/wp-content\/uploads\/eingang_mit_palmen.jpg\" data-orig-size=\"800,600\" data-comments-opened=\"0\" data-image-meta=\"{&quot;aperture&quot;:&quot;0&quot;,&quot;credit&quot;:&quot;&quot;,&quot;camera&quot;:&quot;&quot;,&quot;caption&quot;:&quot;&quot;,&quot;created_timestamp&quot;:&quot;0&quot;,&quot;copyright&quot;:&quot;&quot;,&quot;focal_length&quot;:&quot;0&quot;,&quot;iso&quot;:&quot;0&quot;,&quot;shutter_speed&quot;:&quot;0&quot;,&quot;title&quot;:&quot;&quot;,&quot;orientation&quot;:&quot;0&quot;}\" data-image-title=\"eingang_mit_palmen\" data-image-description=\"\" data-medium-file=\"http:\/\/www.ponyhofnachbar.at\/wp-content\/uploads\/eingang_mit_palmen.jpg\" data-large-file=\"http:\/\/www.ponyhofnachbar.at\/wp-content\/uploads\/eingang_mit_palmen.jpg\" src=\"http:\/\/www.ponyhofnachbar.at\/wp-content\/uploads\/eingang_mit_palmen.jpg?w=353&#038;h=265\" width=\"353\" height=\"265\" align=\"left\" title=\"eingang_mit_palmen\" \/><\/a><div class=\"tiled-gallery-caption\">Ponyhof Nachbar &#8211; G\u00e4stehaus<\/div><\/div><\/div><div class=\"gallery-group images-1\" style=\"width: 338px; height: 507px;\"><div class=\"tiled-gallery-item tiled-gallery-item-large\"><a href=\"http:\/\/www.ponyhofnachbar.at\/wp-content\/uploads\/elternzimmer_1314.jpg\"><img data-attachment-id=\"2204\" data-orig-file=\"http:\/\/www.ponyhofnachbar.at\/wp-content\/uploads\/elternzimmer_1314.jpg\" data-orig-size=\"800,1204\" data-comments-opened=\"0\" data-image-meta=\"{&quot;aperture&quot;:&quot;0&quot;,&quot;credit&quot;:&quot;&quot;,&quot;camera&quot;:&quot;&quot;,&quot;caption&quot;:&quot;&quot;,&quot;created_timestamp&quot;:&quot;0&quot;,&quot;copyright&quot;:&quot;&quot;,&quot;focal_length&quot;:&quot;0&quot;,&quot;iso&quot;:&quot;0&quot;,&quot;shutter_speed&quot;:&quot;0&quot;,&quot;title&quot;:&quot;&quot;,&quot;orientation&quot;:&quot;0&quot;}\" data-image-title=\"elternzimmer_1314\" data-image-description=\"\" data-medium-file=\"http:\/\/www.ponyhofnachbar.at\/wp-content\/uploads\/elternzimmer_1314.jpg\" data-large-file=\"http:\/\/www.ponyhofnachbar.at\/wp-content\/uploads\/elternzimmer_1314.jpg\" src=\"http:\/\/www.ponyhofnachbar.at\/wp-content\/uploads\/elternzimmer_1314.jpg?w=334&#038;h=503\" width=\"334\" height=\"503\" align=\"left\" title=\"elternzimmer_1314\" \/><\/a><div class=\"tiled-gallery-caption\">Ponyhof Nachbar &#8211; Doppelzimmer<\/div><\/div><\/div><\/div><div class=\"gallery-row\" style=\"width: 695px; height: 210px;\"><div class=\"gallery-group images-1\" style=\"width: 284px; height: 214px;\"><div class=\"tiled-gallery-item tiled-gallery-item-large\"><a href=\"http:\/\/www.ponyhofnachbar.at\/wp-content\/uploads\/zimmer_3_bett.jpg\"><img data-attachment-id=\"2210\" data-orig-file=\"http:\/\/www.ponyhofnachbar.at\/wp-content\/uploads\/zimmer_3_bett.jpg\" data-orig-size=\"800,600\" data-comments-opened=\"0\" data-image-meta=\"{&quot;aperture&quot;:&quot;0&quot;,&quot;credit&quot;:&quot;&quot;,&quot;camera&quot;:&quot;&quot;,&quot;caption&quot;:&quot;&quot;,&quot;created_timestamp&quot;:&quot;0&quot;,&quot;copyright&quot;:&quot;&quot;,&quot;focal_length&quot;:&quot;0&quot;,&quot;iso&quot;:&quot;0&quot;,&quot;shutter_speed&quot;:&quot;0&quot;,&quot;title&quot;:&quot;&quot;,&quot;orientation&quot;:&quot;0&quot;}\" data-image-title=\"zimmer_3_bett\" data-image-description=\"\" data-medium-file=\"http:\/\/www.ponyhofnachbar.at\/wp-content\/uploads\/zimmer_3_bett.jpg\" data-large-file=\"http:\/\/www.ponyhofnachbar.at\/wp-content\/uploads\/zimmer_3_bett.jpg\" src=\"http:\/\/www.ponyhofnachbar.at\/wp-content\/uploads\/zimmer_3_bett.jpg?w=280&#038;h=210\" width=\"280\" height=\"210\" align=\"left\" title=\"zimmer_3_bett\" \/><\/a><div class=\"tiled-gallery-caption\">Ponyhof Nachbar &#8211; Doppelzimmer<\/div><\/div><\/div><div class=\"gallery-group images-1\" style=\"width: 128px; height: 214px;\"><div class=\"tiled-gallery-item tiled-gallery-item-small\"><a href=\"http:\/\/www.ponyhofnachbar.at\/wp-content\/uploads\/kinderzimmer.jpg\"><img data-attachment-id=\"2206\" data-orig-file=\"http:\/\/www.ponyhofnachbar.at\/wp-content\/uploads\/kinderzimmer.jpg\" data-orig-size=\"800,1350\" data-comments-opened=\"0\" data-image-meta=\"{&quot;aperture&quot;:&quot;0&quot;,&quot;credit&quot;:&quot;&quot;,&quot;camera&quot;:&quot;&quot;,&quot;caption&quot;:&quot;&quot;,&quot;created_timestamp&quot;:&quot;0&quot;,&quot;copyright&quot;:&quot;&quot;,&quot;focal_length&quot;:&quot;0&quot;,&quot;iso&quot;:&quot;0&quot;,&quot;shutter_speed&quot;:&quot;0&quot;,&quot;title&quot;:&quot;&quot;,&quot;orientation&quot;:&quot;0&quot;}\" data-image-title=\"kinderzimmer\" data-image-description=\"\" data-medium-file=\"http:\/\/www.ponyhofnachbar.at\/wp-content\/uploads\/kinderzimmer.jpg\" data-large-file=\"http:\/\/www.ponyhofnachbar.at\/wp-content\/uploads\/kinderzimmer.jpg\" src=\"http:\/\/www.ponyhofnachbar.at\/wp-content\/uploads\/kinderzimmer.jpg?w=124&#038;h=210\" width=\"124\" height=\"210\" align=\"left\" title=\"kinderzimmer\" \/><\/a><div class=\"tiled-gallery-caption\">Ponyhof Nachbar &#8211; Kinderzimmer<\/div><\/div><\/div><div class=\"gallery-group images-1\" style=\"width: 283px; height: 214px;\"><div class=\"tiled-gallery-item tiled-gallery-item-large\"><a href=\"http:\/\/www.ponyhofnachbar.at\/wp-content\/uploads\/zimmer_04.jpg\"><img data-attachment-id=\"2211\" data-orig-file=\"http:\/\/www.ponyhofnachbar.at\/wp-content\/uploads\/zimmer_04.jpg\" data-orig-size=\"800,600\" data-comments-opened=\"0\" data-image-meta=\"{&quot;aperture&quot;:&quot;0&quot;,&quot;credit&quot;:&quot;&quot;,&quot;camera&quot;:&quot;&quot;,&quot;caption&quot;:&quot;&quot;,&quot;created_timestamp&quot;:&quot;0&quot;,&quot;copyright&quot;:&quot;&quot;,&quot;focal_length&quot;:&quot;0&quot;,&quot;iso&quot;:&quot;0&quot;,&quot;shutter_speed&quot;:&quot;0&quot;,&quot;title&quot;:&quot;&quot;,&quot;orientation&quot;:&quot;0&quot;}\" data-image-title=\"zimmer_04\" data-image-description=\"\" data-medium-file=\"http:\/\/www.ponyhofnachbar.at\/wp-content\/uploads\/zimmer_04.jpg\" data-large-file=\"http:\/\/www.ponyhofnachbar.at\/wp-content\/uploads\/zimmer_04.jpg\" src=\"http:\/\/www.ponyhofnachbar.at\/wp-content\/uploads\/zimmer_04.jpg?w=279&#038;h=210\" width=\"279\" height=\"210\" align=\"left\" title=\"zimmer_04\" \/><\/a><div class=\"tiled-gallery-caption\">Ponyhof Nachbar &#8211; Ferienwohnung<\/div><\/div><\/div><\/div><div class=\"gallery-row\" style=\"width: 695px; height: 517px;\"><div class=\"gallery-group images-1\" style=\"width: 348px; height: 521px;\"><div class=\"tiled-gallery-item tiled-gallery-item-large\"><a href=\"http:\/\/www.ponyhofnachbar.at\/wp-content\/uploads\/kueche_mit_balkon.jpg\"><img data-attachment-id=\"2207\" data-orig-file=\"http:\/\/www.ponyhofnachbar.at\/wp-content\/uploads\/kueche_mit_balkon.jpg\" data-orig-size=\"800,1204\" data-comments-opened=\"0\" data-image-meta=\"{&quot;aperture&quot;:&quot;0&quot;,&quot;credit&quot;:&quot;&quot;,&quot;camera&quot;:&quot;&quot;,&quot;caption&quot;:&quot;&quot;,&quot;created_timestamp&quot;:&quot;0&quot;,&quot;copyright&quot;:&quot;&quot;,&quot;focal_length&quot;:&quot;0&quot;,&quot;iso&quot;:&quot;0&quot;,&quot;shutter_speed&quot;:&quot;0&quot;,&quot;title&quot;:&quot;&quot;,&quot;orientation&quot;:&quot;0&quot;}\" data-image-title=\"kueche_mit_balkon\" data-image-description=\"\" data-medium-file=\"http:\/\/www.ponyhofnachbar.at\/wp-content\/uploads\/kueche_mit_balkon.jpg\" data-large-file=\"http:\/\/www.ponyhofnachbar.at\/wp-content\/uploads\/kueche_mit_balkon.jpg\" src=\"http:\/\/www.ponyhofnachbar.at\/wp-content\/uploads\/kueche_mit_balkon.jpg?w=344&#038;h=517\" width=\"344\" height=\"517\" align=\"left\" title=\"kueche_mit_balkon\" \/><\/a><div class=\"tiled-gallery-caption\">Ponyhof Nachbar &#8211; Wohnk\u00fcche<\/div><\/div><\/div><div class=\"gallery-group images-1\" style=\"width: 347px; height: 521px;\"><div class=\"tiled-gallery-item tiled-gallery-item-large\"><a href=\"http:\/\/www.ponyhofnachbar.at\/wp-content\/uploads\/zimmer_3_bad.jpg\"><img data-attachment-id=\"2209\" data-orig-file=\"http:\/\/www.ponyhofnachbar.at\/wp-content\/uploads\/zimmer_3_bad.jpg\" data-orig-size=\"800,1204\" data-comments-opened=\"0\" data-image-meta=\"{&quot;aperture&quot;:&quot;0&quot;,&quot;credit&quot;:&quot;&quot;,&quot;camera&quot;:&quot;&quot;,&quot;caption&quot;:&quot;&quot;,&quot;created_timestamp&quot;:&quot;0&quot;,&quot;copyright&quot;:&quot;&quot;,&quot;focal_length&quot;:&quot;0&quot;,&quot;iso&quot;:&quot;0&quot;,&quot;shutter_speed&quot;:&quot;0&quot;,&quot;title&quot;:&quot;&quot;,&quot;orientation&quot;:&quot;0&quot;}\" data-image-title=\"zimmer_3_bad\" data-image-description=\"\" data-medium-file=\"http:\/\/www.ponyhofnachbar.at\/wp-content\/uploads\/zimmer_3_bad.jpg\" data-large-file=\"http:\/\/www.ponyhofnachbar.at\/wp-content\/uploads\/zimmer_3_bad.jpg\" src=\"http:\/\/www.ponyhofnachbar.at\/wp-content\/uploads\/zimmer_3_bad.jpg?w=343&#038;h=517\" width=\"343\" height=\"517\" align=\"left\" title=\"zimmer_3_bad\" \/><\/a><div class=\"tiled-gallery-caption\">Ponyhof Nachbar &#8211; Dusche<\/div><\/div><\/div><\/div><div class=\"gallery-row\" style=\"width: 695px; height: 258px;\"><div class=\"gallery-group images-1\" style=\"width: 348px; height: 262px;\"><div class=\"tiled-gallery-item tiled-gallery-item-large\"><a href=\"http:\/\/www.ponyhofnachbar.at\/wp-content\/uploads\/zimmer_05.jpg\"><img data-attachment-id=\"2212\" data-orig-file=\"http:\/\/www.ponyhofnachbar.at\/wp-content\/uploads\/zimmer_05.jpg\" data-orig-size=\"800,600\" data-comments-opened=\"0\" data-image-meta=\"{&quot;aperture&quot;:&quot;0&quot;,&quot;credit&quot;:&quot;&quot;,&quot;camera&quot;:&quot;&quot;,&quot;caption&quot;:&quot;&quot;,&quot;created_timestamp&quot;:&quot;0&quot;,&quot;copyright&quot;:&quot;&quot;,&quot;focal_length&quot;:&quot;0&quot;,&quot;iso&quot;:&quot;0&quot;,&quot;shutter_speed&quot;:&quot;0&quot;,&quot;title&quot;:&quot;&quot;,&quot;orientation&quot;:&quot;0&quot;}\" data-image-title=\"zimmer_05\" data-image-description=\"\" data-medium-file=\"http:\/\/www.ponyhofnachbar.at\/wp-content\/uploads\/zimmer_05.jpg\" data-large-file=\"http:\/\/www.ponyhofnachbar.at\/wp-content\/uploads\/zimmer_05.jpg\" src=\"http:\/\/www.ponyhofnachbar.at\/wp-content\/uploads\/zimmer_05.jpg?w=344&#038;h=258\" width=\"344\" height=\"258\" align=\"left\" title=\"zimmer_05\" \/><\/a><div class=\"tiled-gallery-caption\">Ponyhof Nachbar &#8211; Ferienwohnung<\/div><\/div><\/div><div class=\"gallery-group images-1\" style=\"width: 347px; height: 262px;\"><div class=\"tiled-gallery-item tiled-gallery-item-large\"><a href=\"http:\/\/www.ponyhofnachbar.at\/wp-content\/uploads\/liegewiese_spielplatz.jpg\"><img data-attachment-id=\"2208\" data-orig-file=\"http:\/\/www.ponyhofnachbar.at\/wp-content\/uploads\/liegewiese_spielplatz.jpg\" data-orig-size=\"800,600\" data-comments-opened=\"0\" data-image-meta=\"{&quot;aperture&quot;:&quot;0&quot;,&quot;credit&quot;:&quot;&quot;,&quot;camera&quot;:&quot;&quot;,&quot;caption&quot;:&quot;&quot;,&quot;created_timestamp&quot;:&quot;0&quot;,&quot;copyright&quot;:&quot;&quot;,&quot;focal_length&quot;:&quot;0&quot;,&quot;iso&quot;:&quot;0&quot;,&quot;shutter_speed&quot;:&quot;0&quot;,&quot;title&quot;:&quot;&quot;,&quot;orientation&quot;:&quot;0&quot;}\" data-image-title=\"liegewiese_spielplatz\" data-image-description=\"\" data-medium-file=\"http:\/\/www.ponyhofnachbar.at\/wp-content\/uploads\/liegewiese_spielplatz.jpg\" data-large-file=\"http:\/\/www.ponyhofnachbar.at\/wp-content\/uploads\/liegewiese_spielplatz.jpg\" src=\"http:\/\/www.ponyhofnachbar.at\/wp-content\/uploads\/liegewiese_spielplatz.jpg?w=343&#038;h=258\" width=\"343\" height=\"258\" align=\"left\" title=\"liegewiese_spielplatz\" \/><\/a><div class=\"tiled-gallery-caption\">Ponyhof Nachbar &#8211; Garten<\/div><\/div><\/div><\/div><\/div>\n<p>A pak na sn\u00edda\u0148ov\u00fd bufet.<\/p>\n<h3>To bude op\u011bt kr\u00e1sn\u00fd den!<\/h3>\n<div class=\"csRow\">\n<p><strong>Na putov\u00e1n\u00ed a v\u00fdlety p\u0159ipravujeme pro na\u0161e hosty tak\u00e9 zdrav\u00e9 sva\u010diny, kter\u00e9 si mohou vz\u00edt s\u00a0sebou.<\/strong><\/p>\n<\/div>","protected":false},"excerpt":{"rendered":"<p>Dobr\u00fd sp\u00e1nek \u2013 kr\u00e1sn\u00e9 sny!<br \/>\nSp\u011bte dob\u0159e a sn\u011bte kr\u00e1sn\u011b!<br \/>\nDaleko od hluku, je to skv\u011bl\u00e9! R\u00e1no se probud\u00edte s pta\u010d\u00edm zp\u011bvem, otev\u0159ete okno a vdechnete \u010derstv\u00fd lesn\u00ed vzduch.<\/p>\n","protected":false},"author":2,"featured_media":2201,"parent":0,"menu_order":5,"comment_status":"closed","ping_status":"closed","template":"","meta":[],"tags":[],"yoast_head":"<!-- This site is optimized with the Yoast SEO plugin v18.3 - https:\/\/yoast.com\/wordpress\/plugins\/seo\/ -->\n<title>Servus am Ponyhof Nachbar |\u00a0Dobr\u00fd sp\u00e1nek \u2013 kr\u00e1sn\u00e9 sny<\/title>\n<meta name=\"description\" content=\"Dobr\u00fd sp\u00e1nek \u2013 kr\u00e1sn\u00e9 sny! Sp\u011bte dob\u0159e a sn\u011bte kr\u00e1sn\u011b! Daleko od hluku, je to skv\u011bl\u00e9! R\u00e1no se probud\u00edte s pta\u010d\u00edm zp\u011bvem, otev\u0159ete okno a vdechnete \u010derstv\u00fd lesn\u00ed vzduch.\u00a0\" \/>\n<meta name=\"robots\" content=\"index, follow, max-snippet:-1, max-image-preview:large, max-video-preview:-1\" \/>\n<link rel=\"canonical\" href=\"http:\/\/www.ponyhofnachbar.at\/schlaf-gut\/\" \/>\n<meta property=\"og:locale\" content=\"en_US\" \/>\n<meta property=\"og:type\" content=\"article\" \/>\n<meta property=\"og:title\" content=\"[:de]Servus am Ponyhof Nachbar | Schlaf gut[:en]Servus am Ponyhof Nachbar | Schlaf gut[:it]Servus am Ponyhof Nachbar | Schlaf gut[:cs]Servus am Ponyhof Nachbar |\u00a0Dobr\u00fd sp\u00e1nek \u2013 kr\u00e1sn\u00e9 sny[:]\" \/>\n<meta property=\"og:description\" content=\"{:de}Schlaf gut \u2013 tr\u00e4ume sch\u00f6n! Weit weg vom L\u00e4rm kann man ausgezeichnet schlafen! In bequemen Betten und komfortablen Zimmern mit Balkon.{:en}Schlaf gut \u2013 tr\u00e4ume sch\u00f6n! Weit weg vom L\u00e4rm kann man ausgezeichnet schlafen! In bequemen Betten und komfortablen Zimmern mit Balkon.{:it}Schlaf gut \u2013 tr\u00e4ume sch\u00f6n! Weit weg vom L\u00e4rm kann man ausgezeichnet schlafen! In bequemen Betten und komfortablen Zimmern mit Balkon.{:cs}Dobr\u00fd sp\u00e1nek \u2013 kr\u00e1sn\u00e9 sny! Sp\u011bte dob\u0159e a sn\u011bte kr\u00e1sn\u011b! Daleko od hluku, je to skv\u011bl\u00e9! R\u00e1no se probud\u00edte s pta\u010d\u00edm zp\u011bvem, otev\u0159ete okno a vdechnete \u010derstv\u00fd lesn\u00ed vzduch.\u00a0{:}\" \/>\n<meta property=\"og:url\" content=\"http:\/\/www.ponyhofnachbar.at\/schlaf-gut\/\" \/>\n<meta property=\"og:site_name\" content=\"Servus am Ponyhof Nachbar!\" \/>\n<meta property=\"article:modified_time\" content=\"2020-07-15T13:10:27+00:00\" \/>\n<meta property=\"og:image\" content=\"http:\/\/www.ponyhofnachbar.at\/wp-content\/uploads\/cat-30689_640.png\" \/>\n\t<meta property=\"og:image:width\" content=\"400\" \/>\n\t<meta property=\"og:image:height\" content=\"369\" \/>\n\t<meta property=\"og:image:type\" content=\"image\/png\" \/>\n<meta name=\"twitter:card\" content=\"summary\" \/>\n<meta name=\"twitter:label1\" content=\"Est. reading time\" \/>\n\t<meta name=\"twitter:data1\" content=\"2 minutes\" \/>\n<script type=\"application\/ld+json\" class=\"yoast-schema-graph\">{\"@context\":\"https:\/\/schema.org\",\"@graph\":[{\"@type\":\"WebSite\",\"@id\":\"http:\/\/www.ponyhofnachbar.at\/#website\",\"url\":\"http:\/\/www.ponyhofnachbar.at\/\",\"name\":\"Servus am Ponyhof Nachbar!\",\"description\":\"Urlaub am Bauernhof | Ferien am Ponyhof | Gasthof Nachbar am Klopeiner See\",\"potentialAction\":[{\"@type\":\"SearchAction\",\"target\":{\"@type\":\"EntryPoint\",\"urlTemplate\":\"http:\/\/www.ponyhofnachbar.at\/?s={search_term_string}\"},\"query-input\":\"required name=search_term_string\"}],\"inLanguage\":\"cs-CS\"},{\"@type\":\"ImageObject\",\"@id\":\"http:\/\/www.ponyhofnachbar.at\/schlaf-gut\/#primaryimage\",\"inLanguage\":\"cs-CS\",\"url\":\"http:\/\/www.ponyhofnachbar.at\/wp-content\/uploads\/cat-30689_640.png\",\"contentUrl\":\"http:\/\/www.ponyhofnachbar.at\/wp-content\/uploads\/cat-30689_640.png\",\"width\":400,\"height\":369,\"caption\":\"\u00a9 CC0 - Pixabay\"},{\"@type\":\"WebPage\",\"@id\":\"http:\/\/www.ponyhofnachbar.at\/schlaf-gut\/#webpage\",\"url\":\"http:\/\/www.ponyhofnachbar.at\/schlaf-gut\/\",\"name\":\"[:de]Servus am Ponyhof Nachbar | Schlaf gut[:en]Servus am Ponyhof Nachbar | Schlaf gut[:it]Servus am Ponyhof Nachbar | Schlaf gut[:cs]Servus am Ponyhof Nachbar |\u00a0Dobr\u00fd sp\u00e1nek \u2013 kr\u00e1sn\u00e9 sny[:]\",\"isPartOf\":{\"@id\":\"http:\/\/www.ponyhofnachbar.at\/#website\"},\"primaryImageOfPage\":{\"@id\":\"http:\/\/www.ponyhofnachbar.at\/schlaf-gut\/#primaryimage\"},\"datePublished\":\"2014-08-06T06:37:36+00:00\",\"dateModified\":\"2020-07-15T13:10:27+00:00\",\"description\":\"{:de}Schlaf gut \u2013 tr\u00e4ume sch\u00f6n! Weit weg vom L\u00e4rm kann man ausgezeichnet schlafen! In bequemen Betten und komfortablen Zimmern mit Balkon.{:en}Schlaf gut \u2013 tr\u00e4ume sch\u00f6n! Weit weg vom L\u00e4rm kann man ausgezeichnet schlafen! In bequemen Betten und komfortablen Zimmern mit Balkon.{:it}Schlaf gut \u2013 tr\u00e4ume sch\u00f6n! Weit weg vom L\u00e4rm kann man ausgezeichnet schlafen! In bequemen Betten und komfortablen Zimmern mit Balkon.{:cs}Dobr\u00fd sp\u00e1nek \u2013 kr\u00e1sn\u00e9 sny! Sp\u011bte dob\u0159e a sn\u011bte kr\u00e1sn\u011b! Daleko od hluku, je to skv\u011bl\u00e9! R\u00e1no se probud\u00edte s pta\u010d\u00edm zp\u011bvem, otev\u0159ete okno a vdechnete \u010derstv\u00fd lesn\u00ed vzduch.\u00a0{:}\",\"breadcrumb\":{\"@id\":\"http:\/\/www.ponyhofnachbar.at\/schlaf-gut\/#breadcrumb\"},\"inLanguage\":\"cs-CS\",\"potentialAction\":[{\"@type\":\"ReadAction\",\"target\":[\"http:\/\/www.ponyhofnachbar.at\/schlaf-gut\/\"]}]},{\"@type\":\"BreadcrumbList\",\"@id\":\"http:\/\/www.ponyhofnachbar.at\/schlaf-gut\/#breadcrumb\",\"itemListElement\":[{\"@type\":\"ListItem\",\"position\":1,\"name\":\"Home\",\"item\":\"http:\/\/www.ponyhofnachbar.at\/en\/\"},{\"@type\":\"ListItem\",\"position\":2,\"name\":\"SCHLAF GUT\"}]}]}<\/script>\n<!-- \/ Yoast SEO plugin. -->","yoast_head_json":{"title":"Servus am Ponyhof Nachbar |\u00a0Dobr\u00fd sp\u00e1nek \u2013 kr\u00e1sn\u00e9 sny","description":"Dobr\u00fd sp\u00e1nek \u2013 kr\u00e1sn\u00e9 sny! Sp\u011bte dob\u0159e a sn\u011bte kr\u00e1sn\u011b! Daleko od hluku, je to skv\u011bl\u00e9! R\u00e1no se probud\u00edte s pta\u010d\u00edm zp\u011bvem, otev\u0159ete okno a vdechnete \u010derstv\u00fd lesn\u00ed vzduch.\u00a0","robots":{"index":"index","follow":"follow","max-snippet":"max-snippet:-1","max-image-preview":"max-image-preview:large","max-video-preview":"max-video-preview:-1"},"canonical":"http:\/\/www.ponyhofnachbar.at\/schlaf-gut\/","og_locale":"en_US","og_type":"article","og_title":"[:de]Servus am Ponyhof Nachbar | Schlaf gut[:en]Servus am Ponyhof Nachbar | Schlaf gut[:it]Servus am Ponyhof Nachbar | Schlaf gut[:cs]Servus am Ponyhof Nachbar |\u00a0Dobr\u00fd sp\u00e1nek \u2013 kr\u00e1sn\u00e9 sny[:]","og_description":"{:de}Schlaf gut \u2013 tr\u00e4ume sch\u00f6n! Weit weg vom L\u00e4rm kann man ausgezeichnet schlafen! In bequemen Betten und komfortablen Zimmern mit Balkon.{:en}Schlaf gut \u2013 tr\u00e4ume sch\u00f6n! Weit weg vom L\u00e4rm kann man ausgezeichnet schlafen! In bequemen Betten und komfortablen Zimmern mit Balkon.{:it}Schlaf gut \u2013 tr\u00e4ume sch\u00f6n! Weit weg vom L\u00e4rm kann man ausgezeichnet schlafen! In bequemen Betten und komfortablen Zimmern mit Balkon.{:cs}Dobr\u00fd sp\u00e1nek \u2013 kr\u00e1sn\u00e9 sny! Sp\u011bte dob\u0159e a sn\u011bte kr\u00e1sn\u011b! Daleko od hluku, je to skv\u011bl\u00e9! R\u00e1no se probud\u00edte s pta\u010d\u00edm zp\u011bvem, otev\u0159ete okno a vdechnete \u010derstv\u00fd lesn\u00ed vzduch.\u00a0{:}","og_url":"http:\/\/www.ponyhofnachbar.at\/schlaf-gut\/","og_site_name":"Servus am Ponyhof Nachbar!","article_modified_time":"2020-07-15T13:10:27+00:00","og_image":[{"width":400,"height":369,"url":"http:\/\/www.ponyhofnachbar.at\/wp-content\/uploads\/cat-30689_640.png","type":"image\/png"}],"twitter_card":"summary","twitter_misc":{"Est. reading time":"2 minutes"},"schema":{"@context":"https:\/\/schema.org","@graph":[{"@type":"WebSite","@id":"http:\/\/www.ponyhofnachbar.at\/#website","url":"http:\/\/www.ponyhofnachbar.at\/","name":"Servus am Ponyhof Nachbar!","description":"Urlaub am Bauernhof | Ferien am Ponyhof | Gasthof Nachbar am Klopeiner See","potentialAction":[{"@type":"SearchAction","target":{"@type":"EntryPoint","urlTemplate":"http:\/\/www.ponyhofnachbar.at\/?s={search_term_string}"},"query-input":"required name=search_term_string"}],"inLanguage":"cs-CS"},{"@type":"ImageObject","@id":"http:\/\/www.ponyhofnachbar.at\/schlaf-gut\/#primaryimage","inLanguage":"cs-CS","url":"http:\/\/www.ponyhofnachbar.at\/wp-content\/uploads\/cat-30689_640.png","contentUrl":"http:\/\/www.ponyhofnachbar.at\/wp-content\/uploads\/cat-30689_640.png","width":400,"height":369,"caption":"\u00a9 CC0 - Pixabay"},{"@type":"WebPage","@id":"http:\/\/www.ponyhofnachbar.at\/schlaf-gut\/#webpage","url":"http:\/\/www.ponyhofnachbar.at\/schlaf-gut\/","name":"[:de]Servus am Ponyhof Nachbar | Schlaf gut[:en]Servus am Ponyhof Nachbar | Schlaf gut[:it]Servus am Ponyhof Nachbar | Schlaf gut[:cs]Servus am Ponyhof Nachbar |\u00a0Dobr\u00fd sp\u00e1nek \u2013 kr\u00e1sn\u00e9 sny[:]","isPartOf":{"@id":"http:\/\/www.ponyhofnachbar.at\/#website"},"primaryImageOfPage":{"@id":"http:\/\/www.ponyhofnachbar.at\/schlaf-gut\/#primaryimage"},"datePublished":"2014-08-06T06:37:36+00:00","dateModified":"2020-07-15T13:10:27+00:00","description":"{:de}Schlaf gut \u2013 tr\u00e4ume sch\u00f6n! Weit weg vom L\u00e4rm kann man ausgezeichnet schlafen! In bequemen Betten und komfortablen Zimmern mit Balkon.{:en}Schlaf gut \u2013 tr\u00e4ume sch\u00f6n! Weit weg vom L\u00e4rm kann man ausgezeichnet schlafen! In bequemen Betten und komfortablen Zimmern mit Balkon.{:it}Schlaf gut \u2013 tr\u00e4ume sch\u00f6n! Weit weg vom L\u00e4rm kann man ausgezeichnet schlafen! In bequemen Betten und komfortablen Zimmern mit Balkon.{:cs}Dobr\u00fd sp\u00e1nek \u2013 kr\u00e1sn\u00e9 sny! Sp\u011bte dob\u0159e a sn\u011bte kr\u00e1sn\u011b! Daleko od hluku, je to skv\u011bl\u00e9! R\u00e1no se probud\u00edte s pta\u010d\u00edm zp\u011bvem, otev\u0159ete okno a vdechnete \u010derstv\u00fd lesn\u00ed vzduch.\u00a0{:}","breadcrumb":{"@id":"http:\/\/www.ponyhofnachbar.at\/schlaf-gut\/#breadcrumb"},"inLanguage":"cs-CS","potentialAction":[{"@type":"ReadAction","target":["http:\/\/www.ponyhofnachbar.at\/schlaf-gut\/"]}]},{"@type":"BreadcrumbList","@id":"http:\/\/www.ponyhofnachbar.at\/schlaf-gut\/#breadcrumb","itemListElement":[{"@type":"ListItem","position":1,"name":"Home","item":"http:\/\/www.ponyhofnachbar.at\/en\/"},{"@type":"ListItem","position":2,"name":"SCHLAF GUT"}]}]}},"_links":{"self":[{"href":"http:\/\/www.ponyhofnachbar.at\/cs\/wp-json\/wp\/v2\/pages\/2157"}],"collection":[{"href":"http:\/\/www.ponyhofnachbar.at\/cs\/wp-json\/wp\/v2\/pages"}],"about":[{"href":"http:\/\/www.ponyhofnachbar.at\/cs\/wp-json\/wp\/v2\/types\/page"}],"author":[{"embeddable":true,"href":"http:\/\/www.ponyhofnachbar.at\/cs\/wp-json\/wp\/v2\/users\/2"}],"replies":[{"embeddable":true,"href":"http:\/\/www.ponyhofnachbar.at\/cs\/wp-json\/wp\/v2\/comments?post=2157"}],"version-history":[{"count":2,"href":"http:\/\/www.ponyhofnachbar.at\/cs\/wp-json\/wp\/v2\/pages\/2157\/revisions"}],"predecessor-version":[{"id":2524,"href":"http:\/\/www.ponyhofnachbar.at\/cs\/wp-json\/wp\/v2\/pages\/2157\/revisions\/2524"}],"wp:featuredmedia":[{"embeddable":true,"href":"http:\/\/www.ponyhofnachbar.at\/cs\/wp-json\/wp\/v2\/media\/2201"}],"wp:attachment":[{"href":"http:\/\/www.ponyhofnachbar.at\/cs\/wp-json\/wp\/v2\/media?parent=2157"}],"wp:term":[{"taxonomy":"post_tag","embeddable":true,"href":"http:\/\/www.ponyhofnachbar.at\/cs\/wp-json\/wp\/v2\/tags?post=2157"}],"curies":[{"name":"wp","href":"https:\/\/api.w.org\/{rel}","templated":true}]}}