{"id":20,"date":"2014-06-12T08:18:07","date_gmt":"2014-06-12T06:18:07","guid":{"rendered":"http:\/\/localhost\/wordpress\/?page_id=20"},"modified":"2019-09-13T10:50:14","modified_gmt":"2019-09-13T08:50:14","slug":"servus","status":"publish","type":"page","link":"http:\/\/www.ponyhofnachbar.at\/cs\/","title":{"rendered":"V\u00cdTEJTE V PONYHOFU NACHBAR!"},"content":{"rendered":"<h2>V\u00edtejte v Ponyhofu Nachbar!<\/h2>\n<p>Ponyhof Nachbar je obklopen zelen\u00ed, loukami a lesy a je vzd\u00e1len od silni\u010dn\u00edho provozu. Diky tomu p\u0159edstavuje ide\u00e1ln\u00ed m\u00edsto pro rodiny s\u00a0d\u00e8tmi a je rovn\u00e8\u017e obl\u00edben\u00fdm m\u00edstem setk\u00e1n\u00ed pro milovn\u00edky kon\u00ed a pro ka\u017ed\u00e9ho, kdo hled\u00e1 zdrav\u00fd venkovsk\u00fd \u017eivot, nedot\u010denou p\u0159\u00edrodu a nekomplikovan\u00fd pr\u00e1zdninov\u00fd pobyt.<\/p>\n<p><a href=\"http:\/\/www.ponyhofnachbar.at\/wp-content\/uploads\/eingang_mit_blumen.jpg\"><img loading=\"lazy\" class=\"alignnone size-full wp-image-2186\" src=\"http:\/\/www.ponyhofnachbar.at\/wp-content\/uploads\/eingang_mit_blumen.jpg\" alt=\"Ponyhof Nachbar mit Blumen\" width=\"800\" height=\"600\" srcset=\"http:\/\/www.ponyhofnachbar.at\/wp-content\/uploads\/eingang_mit_blumen.jpg 800w, http:\/\/www.ponyhofnachbar.at\/wp-content\/uploads\/eingang_mit_blumen-200x150.jpg 200w, http:\/\/www.ponyhofnachbar.at\/wp-content\/uploads\/eingang_mit_blumen-400x300.jpg 400w\" sizes=\"(max-width: 800px) 100vw, 800px\" \/><\/a><\/p>\n<p>Rodina Nachbar prom\u011bnila historick\u00fd statek (kter\u00fd vlastn\u00ed od 17.stolet\u00ed) v turistick\u00e9 za\u0159\u00edzen\u00ed p\u0159\u00e1telsk\u00e9 zejm\u00e9na d\u00e8tem a rodin\u00e1m. Ponyhof se nach\u00e1z\u00ed v blizkosti n\u00e1dhern\u00e9ho korutansk\u00e9ho jezera Klopeiner See.<br \/>\nToto jezero je nejen pr\u016fzra\u010dne \u010dist\u00e9, ale z\u00e1rove\u0148 je i nejteplej\u0161\u00edm jezerem v cel\u00e9m regionu.<br \/>\nJi\u017e v kv\u00e8tnu a je\u0161t\u011b v z\u00e1\u0159\u00ed dosahuje pr\u016fm\u011brn\u00e1 teplota jezera 24 stup\u0148\u016f, v \u010dervenci a srpnu pak jeho teplota vzr\u016fst\u00e1 a\u017e do 28 stup\u0148\u016f.<\/p>\n<p>K tomu je zde velk\u00e1 sportovn\u00ed a rekrea\u010dn\u00ed nab\u00eddka a mnoho mo\u017enost\u00ed pro p\u0159\u00edjemnou letn\u00ed dovolenou. A samoz\u0159ejm\u011b tak\u00e9 zaji\u0161\u0165ujeme fyzickou pohodu na\u0161ich velk\u00fdch i mal\u00fdch host\u016f.<\/p>\n<div class='responsive_column_widgets'><div id='responsive_column_widgets_f5e98f9c9dfc6bb75f56c6a24ffa371b-3' class='responsive_column_widgets_box widget-area'><div class=\"responsive_column_widgets_column_600 responsive_column_widgets_column_600_element_of_1 responsive_column_widgets_column_600_element_of_1 responsive_column_widgets_column_600_1 responsive_column_widgets_row_600_1 responsive_column_widgets_column element_of_3 responsive_column_widgets_column_element_of_3 responsive_column_widgets_column_1 responsive_column_widgets_row_1\"><aside class=\"widget_fpw_widget\"><div class=\"widget\">\r\n<article class=\"fpw-clearfix fpw-layout-big\">\r\n\r\n\t<a href=\"http:\/\/www.ponyhofnachbar.at\/cs\/essen-und-trinken\/\" class=\"fpw-featured-link\">\r\n\t\t<div class=\"fpw-featured-image\">\r\n\t\t\t<img width=\"400\" height=\"299\" src=\"http:\/\/www.ponyhofnachbar.at\/wp-content\/uploads\/640_552228_original_R_K_B_by_Peter-Smola_pixelio.de_-e1433602758906-400x299.jpg\" class=\"attachment-fpw_big size-fpw_big wp-post-image\" alt=\"\" loading=\"lazy\" srcset=\"http:\/\/www.ponyhofnachbar.at\/wp-content\/uploads\/640_552228_original_R_K_B_by_Peter-Smola_pixelio.de_-e1433602758906-400x299.jpg 400w, http:\/\/www.ponyhofnachbar.at\/wp-content\/uploads\/640_552228_original_R_K_B_by_Peter-Smola_pixelio.de_-e1433602758906-200x150.jpg 200w, http:\/\/www.ponyhofnachbar.at\/wp-content\/uploads\/640_552228_original_R_K_B_by_Peter-Smola_pixelio.de_-e1433602758906.jpg 507w\" sizes=\"(max-width: 400px) 100vw, 400px\" \/>\t\t<\/div>\r\n\t\t<h3 class=\"fpw-page-title\">J\u00cdDLO &#038; PIT\u00cd<\/h3>\r\n\t<\/a>\t\r\n\r\n\t<div class=\"fpw-excerpt\">\r\n\t\t<p>Na hosty \u010dek\u00e1 v\u00fdb\u00e8r z korutansk\u00fdch lah\u016fdek, p\u0159ev\u00e1\u017en\u011b z vlastn\u00ed produkce.<br \/>\nPonyhof chov\u00e1 vlastn\u00ed hospod\u00e1\u0159sk\u00e1 zv\u00ed\u0159ata a nab\u00edz\u00ed tak\u00e9 speciality z n\u00e1poj\u016f jako jsou d\u017eusy, mo\u0161t nebo schnaps z vlastn\u00edho sadu.<\/p>\n\t<\/div>\r\n\r\n<\/article><\/div><\/aside><\/div><div class=\"responsive_column_widgets_column_600 responsive_column_widgets_column_600_element_of_1 responsive_column_widgets_column_600_element_of_1 responsive_column_widgets_column_600_1 responsive_column_widgets_row_600_2 responsive_column_widgets_column element_of_3 responsive_column_widgets_column_element_of_3 responsive_column_widgets_column_2 responsive_column_widgets_row_1\"><aside class=\"widget_fpw_widget\"><div class=\"widget\">\r\n<article class=\"fpw-clearfix fpw-layout-big\">\r\n\r\n\t<a href=\"http:\/\/www.ponyhofnachbar.at\/cs\/schlaf-gut\/\" class=\"fpw-featured-link\">\r\n\t\t<div class=\"fpw-featured-image\">\r\n\t\t\t<img width=\"400\" height=\"369\" src=\"http:\/\/www.ponyhofnachbar.at\/wp-content\/uploads\/cat-30689_640-400x369.png\" class=\"attachment-fpw_big size-fpw_big wp-post-image\" alt=\"\" loading=\"lazy\" srcset=\"http:\/\/www.ponyhofnachbar.at\/wp-content\/uploads\/cat-30689_640.png 400w, http:\/\/www.ponyhofnachbar.at\/wp-content\/uploads\/cat-30689_640-200x185.png 200w\" sizes=\"(max-width: 400px) 100vw, 400px\" \/>\t\t<\/div>\r\n\t\t<h3 class=\"fpw-page-title\">DOB\u0158E SE VYSPI<\/h3>\r\n\t<\/a>\t\r\n\r\n\t<div class=\"fpw-excerpt\">\r\n\t\t<p>Dobr\u00fd sp\u00e1nek \u2013 kr\u00e1sn\u00e9 sny!<br \/>\nSp\u011bte dob\u0159e a sn\u011bte kr\u00e1sn\u011b!<br \/>\nDaleko od hluku, je to skv\u011bl\u00e9! R\u00e1no se probud\u00edte s pta\u010d\u00edm zp\u011bvem, otev\u0159ete okno a vdechnete \u010derstv\u00fd lesn\u00ed vzduch.<\/p>\n\t<\/div>\r\n\r\n<\/article><\/div><\/aside><\/div><div class=\"responsive_column_widgets_column_600 responsive_column_widgets_column_600_element_of_1 responsive_column_widgets_column_600_element_of_1 responsive_column_widgets_column_600_1 responsive_column_widgets_row_600_3 responsive_column_widgets_column element_of_3 responsive_column_widgets_column_element_of_3 responsive_column_widgets_column_3 responsive_column_widgets_row_1\"><aside class=\"widget_fpw_widget\"><div class=\"widget\">\r\n<article class=\"fpw-clearfix fpw-layout-big\">\r\n\r\n\t<a href=\"http:\/\/www.ponyhofnachbar.at\/cs\/wandern\/\" class=\"fpw-featured-link\">\r\n\t\t<div class=\"fpw-featured-image\">\r\n\t\t\t<img width=\"400\" height=\"266\" src=\"http:\/\/www.ponyhofnachbar.at\/wp-content\/uploads\/01210-KLPSEE-GERDLkl-400x266.jpg\" class=\"attachment-fpw_big size-fpw_big wp-post-image\" alt=\"Ponyhof Nachbar - Wandern an der Vellach\" loading=\"lazy\" srcset=\"http:\/\/www.ponyhofnachbar.at\/wp-content\/uploads\/01210-KLPSEE-GERDLkl-400x266.jpg 400w, http:\/\/www.ponyhofnachbar.at\/wp-content\/uploads\/01210-KLPSEE-GERDLkl-200x133.jpg 200w, http:\/\/www.ponyhofnachbar.at\/wp-content\/uploads\/01210-KLPSEE-GERDLkl.jpg 700w\" sizes=\"(max-width: 400px) 100vw, 400px\" \/>\t\t<\/div>\r\n\t\t<h3 class=\"fpw-page-title\">J\u00cdT P\u011a\u0160K\u00cd<\/h3>\r\n\t<\/a>\t\r\n\r\n\t<div class=\"fpw-excerpt\">\r\n\t\t<p>Kolem Ponyhofu vede n\u011bkolik pohodln\u00fdch turistick\u00fdch stezek a jsou zde skv\u011bl\u00e9 mo\u017enosti str\u00e1vit kr\u00e1sn\u00fd, vzru\u0161uj\u00edc\u00ed den p\u011b\u0161\u00ed turistikou.<br \/>\nCestovat m\u016f\u017eete i na kole \u2013 v bezprost\u0159edn\u00ed bl\u00edzkosti vede cyklostezka sm\u011b\u0159uj\u00edci k \u0159ece Dr\u00e1v\u011b a pta\u010d\u00edm lagun\u00e1m a dal\u0161\u00edm z\u00e1kout\u00edm pod\u00e9l jej\u00edho toku.<\/p>\n\t<\/div>\r\n\r\n<\/article><\/div><\/aside><\/div><\/div><\/div><!-- Rendered with Responsive Column Widgets by miunosoft http:\/\/michaeluno.jp -->\n<h3>POZN\u00c1MKA<\/h3>\n<p><strong>V\u00e1\u017een\u00ed host\u00e9!<\/strong><\/p>\n<p>Usilujeme o to, aby n\u00e1\u0161 hotel byl p\u0159\u00edstupn\u00fd i osob\u00e1m s t\u011blesn\u00fdm posti\u017een\u00edm.<br \/>\nJe v\u0161ak zapot\u0159eb\u00ed rozs\u00e1hl\u00fdch stavebn\u00edch opat\u0159en\u00ed, kter\u00e9 jsme v tomto roce dosud nebyli schopni realizovat. Proto \u017e\u00e1d\u00e1me o va\u0161e pochopen\u00ed a trp\u011blivost.<\/p>\n<p>Va\u0161e rodina Nachbar<\/p>\n<p>&nbsp;","protected":false},"excerpt":{"rendered":"<p>V\u00edtejte v Ponyhofu Nachbar!<br \/>\nPonyhof Nachbar  je obklopen zelen\u00ed, loukami a lesy a je vzd\u00e1len od silni\u010dn\u00edho provozu. Ide\u00e1ln\u00ed m\u00edsto pro rodiny s d\u00e8tmi a je rovn\u00e8\u017e obl\u00edben\u00fdm m\u00edstem setk\u00e1n\u00ed pro milovn\u00edky kon\u00ed a pro ka\u017ed\u00e9ho, kdo hled\u00e1 zdrav\u00fd venkovsk\u00fd \u017eivot, nedot\u010denou p\u0159\u00edrodu a nekomplikovan\u00fd pr\u00e1zdninov\u00fd pobyt.<\/p>\n","protected":false},"author":2,"featured_media":1826,"parent":0,"menu_order":2,"comment_status":"closed","ping_status":"closed","template":"","meta":[],"tags":[3,6,7,8,9,12,13,16,17,23,25],"yoast_head":"<!-- This site is optimized with the Yoast SEO plugin v18.3 - https:\/\/yoast.com\/wordpress\/plugins\/seo\/ -->\n<title>Servus am Ponyhof Nachbar<\/title>\n<meta name=\"description\" content=\"Servus am Ponyhof Nachbar - Urlaub auf dem Bauernhof - Klopeiner See. Pferdefreunde, liebe Ponys, Ausritte, Radtouren und Wanderungen - alles geht...\" \/>\n<meta name=\"robots\" content=\"index, follow, max-snippet:-1, max-image-preview:large, max-video-preview:-1\" \/>\n<link rel=\"canonical\" href=\"http:\/\/www.ponyhofnachbar.at\/en\/\" \/>\n<meta property=\"og:locale\" content=\"en_US\" \/>\n<meta property=\"og:type\" content=\"article\" \/>\n<meta property=\"og:title\" content=\"Servus am Ponyhof Nachbar\" \/>\n<meta property=\"og:description\" content=\"Servus am Ponyhof Nachbar - Urlaub auf dem Bauernhof - Klopeiner See. Pferdefreunde, liebe Ponys, Ausritte, Radtouren und Wanderungen - alles geht...\" \/>\n<meta property=\"og:url\" content=\"http:\/\/www.ponyhofnachbar.at\/en\/\" \/>\n<meta property=\"og:site_name\" content=\"Servus am Ponyhof Nachbar!\" \/>\n<meta property=\"article:modified_time\" content=\"2019-09-13T08:50:14+00:00\" \/>\n<meta name=\"twitter:card\" content=\"summary\" \/>\n<meta name=\"twitter:label1\" content=\"Est. reading time\" \/>\n\t<meta name=\"twitter:data1\" content=\"5 minutes\" \/>\n<script type=\"application\/ld+json\" class=\"yoast-schema-graph\">{\"@context\":\"https:\/\/schema.org\",\"@graph\":[{\"@type\":\"WebSite\",\"@id\":\"http:\/\/www.ponyhofnachbar.at\/#website\",\"url\":\"http:\/\/www.ponyhofnachbar.at\/\",\"name\":\"Servus am Ponyhof Nachbar!\",\"description\":\"Urlaub am Bauernhof | Ferien am Ponyhof | Gasthof Nachbar am Klopeiner See\",\"potentialAction\":[{\"@type\":\"SearchAction\",\"target\":{\"@type\":\"EntryPoint\",\"urlTemplate\":\"http:\/\/www.ponyhofnachbar.at\/?s={search_term_string}\"},\"query-input\":\"required name=search_term_string\"}],\"inLanguage\":\"cs-CS\"},{\"@type\":\"ImageObject\",\"@id\":\"http:\/\/www.ponyhofnachbar.at\/en\/#primaryimage\",\"inLanguage\":\"cs-CS\",\"url\":\"\",\"contentUrl\":\"\"},{\"@type\":\"WebPage\",\"@id\":\"http:\/\/www.ponyhofnachbar.at\/en\/#webpage\",\"url\":\"http:\/\/www.ponyhofnachbar.at\/en\/\",\"name\":\"Servus am Ponyhof Nachbar\",\"isPartOf\":{\"@id\":\"http:\/\/www.ponyhofnachbar.at\/#website\"},\"primaryImageOfPage\":{\"@id\":\"http:\/\/www.ponyhofnachbar.at\/en\/#primaryimage\"},\"datePublished\":\"2014-06-12T06:18:07+00:00\",\"dateModified\":\"2019-09-13T08:50:14+00:00\",\"description\":\"Servus am Ponyhof Nachbar - Urlaub auf dem Bauernhof - Klopeiner See. Pferdefreunde, liebe Ponys, Ausritte, Radtouren und Wanderungen - alles geht...\",\"breadcrumb\":{\"@id\":\"http:\/\/www.ponyhofnachbar.at\/en\/#breadcrumb\"},\"inLanguage\":\"cs-CS\",\"potentialAction\":[{\"@type\":\"ReadAction\",\"target\":[\"http:\/\/www.ponyhofnachbar.at\/en\/\"]}]},{\"@type\":\"BreadcrumbList\",\"@id\":\"http:\/\/www.ponyhofnachbar.at\/en\/#breadcrumb\",\"itemListElement\":[{\"@type\":\"ListItem\",\"position\":1,\"name\":\"Home\",\"item\":\"http:\/\/www.ponyhofnachbar.at\/en\/\"},{\"@type\":\"ListItem\",\"position\":2,\"name\":\"SERVUS AM PONYHOF NACHBAR!\"}]}]}<\/script>\n<!-- \/ Yoast SEO plugin. -->","yoast_head_json":{"title":"Servus am Ponyhof Nachbar","description":"Servus am Ponyhof Nachbar - Urlaub auf dem Bauernhof - Klopeiner See. Pferdefreunde, liebe Ponys, Ausritte, Radtouren und Wanderungen - alles geht...","robots":{"index":"index","follow":"follow","max-snippet":"max-snippet:-1","max-image-preview":"max-image-preview:large","max-video-preview":"max-video-preview:-1"},"canonical":"http:\/\/www.ponyhofnachbar.at\/en\/","og_locale":"en_US","og_type":"article","og_title":"Servus am Ponyhof Nachbar","og_description":"Servus am Ponyhof Nachbar - Urlaub auf dem Bauernhof - Klopeiner See. Pferdefreunde, liebe Ponys, Ausritte, Radtouren und Wanderungen - alles geht...","og_url":"http:\/\/www.ponyhofnachbar.at\/en\/","og_site_name":"Servus am Ponyhof Nachbar!","article_modified_time":"2019-09-13T08:50:14+00:00","twitter_card":"summary","twitter_misc":{"Est. reading time":"5 minutes"},"schema":{"@context":"https:\/\/schema.org","@graph":[{"@type":"WebSite","@id":"http:\/\/www.ponyhofnachbar.at\/#website","url":"http:\/\/www.ponyhofnachbar.at\/","name":"Servus am Ponyhof Nachbar!","description":"Urlaub am Bauernhof | Ferien am Ponyhof | Gasthof Nachbar am Klopeiner See","potentialAction":[{"@type":"SearchAction","target":{"@type":"EntryPoint","urlTemplate":"http:\/\/www.ponyhofnachbar.at\/?s={search_term_string}"},"query-input":"required name=search_term_string"}],"inLanguage":"cs-CS"},{"@type":"ImageObject","@id":"http:\/\/www.ponyhofnachbar.at\/en\/#primaryimage","inLanguage":"cs-CS","url":"","contentUrl":""},{"@type":"WebPage","@id":"http:\/\/www.ponyhofnachbar.at\/en\/#webpage","url":"http:\/\/www.ponyhofnachbar.at\/en\/","name":"Servus am Ponyhof Nachbar","isPartOf":{"@id":"http:\/\/www.ponyhofnachbar.at\/#website"},"primaryImageOfPage":{"@id":"http:\/\/www.ponyhofnachbar.at\/en\/#primaryimage"},"datePublished":"2014-06-12T06:18:07+00:00","dateModified":"2019-09-13T08:50:14+00:00","description":"Servus am Ponyhof Nachbar - Urlaub auf dem Bauernhof - Klopeiner See. Pferdefreunde, liebe Ponys, Ausritte, Radtouren und Wanderungen - alles geht...","breadcrumb":{"@id":"http:\/\/www.ponyhofnachbar.at\/en\/#breadcrumb"},"inLanguage":"cs-CS","potentialAction":[{"@type":"ReadAction","target":["http:\/\/www.ponyhofnachbar.at\/en\/"]}]},{"@type":"BreadcrumbList","@id":"http:\/\/www.ponyhofnachbar.at\/en\/#breadcrumb","itemListElement":[{"@type":"ListItem","position":1,"name":"Home","item":"http:\/\/www.ponyhofnachbar.at\/en\/"},{"@type":"ListItem","position":2,"name":"SERVUS AM PONYHOF NACHBAR!"}]}]}},"_links":{"self":[{"href":"http:\/\/www.ponyhofnachbar.at\/cs\/wp-json\/wp\/v2\/pages\/20"}],"collection":[{"href":"http:\/\/www.ponyhofnachbar.at\/cs\/wp-json\/wp\/v2\/pages"}],"about":[{"href":"http:\/\/www.ponyhofnachbar.at\/cs\/wp-json\/wp\/v2\/types\/page"}],"author":[{"embeddable":true,"href":"http:\/\/www.ponyhofnachbar.at\/cs\/wp-json\/wp\/v2\/users\/2"}],"replies":[{"embeddable":true,"href":"http:\/\/www.ponyhofnachbar.at\/cs\/wp-json\/wp\/v2\/comments?post=20"}],"version-history":[{"count":1,"href":"http:\/\/www.ponyhofnachbar.at\/cs\/wp-json\/wp\/v2\/pages\/20\/revisions"}],"predecessor-version":[{"id":2434,"href":"http:\/\/www.ponyhofnachbar.at\/cs\/wp-json\/wp\/v2\/pages\/20\/revisions\/2434"}],"wp:featuredmedia":[{"embeddable":true,"href":"http:\/\/www.ponyhofnachbar.at\/cs\/wp-json\/"}],"wp:attachment":[{"href":"http:\/\/www.ponyhofnachbar.at\/cs\/wp-json\/wp\/v2\/media?parent=20"}],"wp:term":[{"taxonomy":"post_tag","embeddable":true,"href":"http:\/\/www.ponyhofnachbar.at\/cs\/wp-json\/wp\/v2\/tags?post=20"}],"curies":[{"name":"wp","href":"https:\/\/api.w.org\/{rel}","templated":true}]}}