{"id":1469,"date":"2014-08-16T11:59:46","date_gmt":"2014-08-16T09:59:46","guid":{"rendered":"http:\/\/localhost\/wordpress\/?page_id=1469"},"modified":"2021-06-10T12:36:59","modified_gmt":"2021-06-10T10:36:59","slug":"webcam","status":"publish","type":"page","link":"http:\/\/www.ponyhofnachbar.at\/cs\/webcam\/","title":{"rendered":"WEBCAM &#038; PO\u010cAS\u00cd"},"content":{"rendered":"<h2>Webkamera &amp; <strong>po\u010das\u00ed u jezera Klopein<\/strong><\/h2>\n<h4>Jak\u00e9 je po\u010das\u00ed u jezera Klopein?<\/h4>\n<p><span class=\"content\">Obratte se na n\u00e1s, r\u00e1di v\u00e1m \u0159ekneme, jak se vyv\u00edj\u00ed sou\u010dasn\u00e9 po\u010das\u00ed.<\/span><\/p>\n<div><embed style=\"pointer-events: none; border: 0;\" src=\"https:\/\/www.klopeinersee.at\/fileadmin\/webcam-images\/kitzelberg_raw_current1.jpg\" width=\"100%\" height=\"auto\"><\/embed><\/div>\n<div><embed style=\"pointer-events: none; border: 0;\" src=\"http:\/\/apartments-klopeinersee.at\/klopeinersee_westufer_4k.jpg\" width=\"100%\" height=\"auto\"><\/embed><\/div>\n<p><em><span style=\"font-size: 10pt;\">Webkamera jezera Klopein <span id=\"result_box\" class=\"short_text\" lang=\"cs\" tabindex=\"-1\">z turistick\u00fdch informac\u00ed<\/span> <a href=\"https:\/\/www.klopeinersee.at\/informationen\/webcams\/\" target=\"_blank\" rel=\"noopener noreferrer\">Tourismusregion Klopeiner See \u2013 S\u00fcdk\u00e4rnten GmbH<\/a>.<br \/>\nPou\u017eit\u00ed a integrace obraz\u016f webkamer Klopeiner See &#8211; S\u00fcdk\u00e4rnten GmbH na webov\u00e9 str\u00e1nky \u010dlensk\u00fdch spole\u010dnost\u00ed regionu Klopeiner See &#8211; S\u00fcdk\u00e4rnten Tourism je povoleno pro \u00fa\u010dely informac\u00ed pro hosty a\u017e do odvol\u00e1n\u00ed.<br \/>\nNevhodn\u00e9 pou\u017eit\u00ed jin\u00e9 ne\u017e pro \u00fa\u010dely informac\u00ed pro hosty je zak\u00e1z\u00e1no. <\/span><\/em><\/p>\n<p><span id=\"result_box\" class=\"\" lang=\"cs\" tabindex=\"-1\"><span class=\"\">Zde je po\u010das\u00ed a <a href=\"http:\/\/www.kaernten.at\/de\/wetter\/detail?rid=213\">p\u0159edpov\u011b\u010f po\u010das\u00ed<\/a> z Korutansk\u00e9 <a href=\"http:\/\/www.kaernten.at\/de\/\" target=\"_blank\" rel=\"noopener noreferrer\">&#8220;K\u00e4rnten Werbung&#8221;<\/a> s p\u0159edpov\u011bd\u00ed po\u010das\u00ed pro p\u0159\u00ed\u0161t\u00ed dny.<\/span><\/span>","protected":false},"excerpt":{"rendered":"<p>Wie wird das Wetter am Klopeiner See? Webcam Live-Bild vom Klopeiner See.<\/p>\n<div><embed style=\"pointer-events: none; border: 0;\" src=\"https:\/\/www.klopeinersee.at\/fileadmin\/webcam-images\/kitzelberg_raw_current1.jpg\" width=\"100%\" height=\"auto\"><\/embed><\/div>\n","protected":false},"author":2,"featured_media":1880,"parent":0,"menu_order":16,"comment_status":"closed","ping_status":"closed","template":"","meta":[],"tags":[],"yoast_head":"<!-- This site is optimized with the Yoast SEO plugin v18.3 - https:\/\/yoast.com\/wordpress\/plugins\/seo\/ -->\n<title>Webcam Klopeiner See - Ponyhof Nachbar<\/title>\n<meta name=\"description\" content=\"Wie wird das Wetter am Klopeiner See? Wende Dich an uns, wir sagen Dir gerne, wie sich das aktuelle Wetter entwickelt. Webcam Live-Bild vom Klopeiner See\" \/>\n<meta name=\"robots\" content=\"noindex, nofollow\" \/>\n<meta property=\"og:locale\" content=\"en_US\" \/>\n<meta property=\"og:type\" content=\"article\" \/>\n<meta property=\"og:title\" content=\"Webcam Klopeiner See - Ponyhof Nachbar\" \/>\n<meta property=\"og:description\" content=\"Wie wird das Wetter am Klopeiner See? Wende Dich an uns, wir sagen Dir gerne, wie sich das aktuelle Wetter entwickelt. Webcam Live-Bild vom Klopeiner See\" \/>\n<meta property=\"og:url\" content=\"http:\/\/www.ponyhofnachbar.at\/webcam\/\" \/>\n<meta property=\"og:site_name\" content=\"Servus am Ponyhof Nachbar!\" \/>\n<meta property=\"article:modified_time\" content=\"2021-06-10T10:36:59+00:00\" \/>\n<meta name=\"twitter:card\" content=\"summary\" \/>\n<meta name=\"twitter:label1\" content=\"Est. reading time\" \/>\n\t<meta name=\"twitter:data1\" content=\"2 minutes\" \/>\n<script type=\"application\/ld+json\" class=\"yoast-schema-graph\">{\"@context\":\"https:\/\/schema.org\",\"@graph\":[{\"@type\":\"WebSite\",\"@id\":\"http:\/\/www.ponyhofnachbar.at\/#website\",\"url\":\"http:\/\/www.ponyhofnachbar.at\/\",\"name\":\"Servus am Ponyhof Nachbar!\",\"description\":\"Urlaub am Bauernhof | Ferien am Ponyhof | Gasthof Nachbar am Klopeiner See\",\"potentialAction\":[{\"@type\":\"SearchAction\",\"target\":{\"@type\":\"EntryPoint\",\"urlTemplate\":\"http:\/\/www.ponyhofnachbar.at\/?s={search_term_string}\"},\"query-input\":\"required name=search_term_string\"}],\"inLanguage\":\"cs-CS\"},{\"@type\":\"ImageObject\",\"@id\":\"http:\/\/www.ponyhofnachbar.at\/webcam\/#primaryimage\",\"inLanguage\":\"cs-CS\",\"url\":\"\",\"contentUrl\":\"\"},{\"@type\":\"WebPage\",\"@id\":\"http:\/\/www.ponyhofnachbar.at\/webcam\/#webpage\",\"url\":\"http:\/\/www.ponyhofnachbar.at\/webcam\/\",\"name\":\"Webcam Klopeiner See - Ponyhof Nachbar\",\"isPartOf\":{\"@id\":\"http:\/\/www.ponyhofnachbar.at\/#website\"},\"primaryImageOfPage\":{\"@id\":\"http:\/\/www.ponyhofnachbar.at\/webcam\/#primaryimage\"},\"datePublished\":\"2014-08-16T09:59:46+00:00\",\"dateModified\":\"2021-06-10T10:36:59+00:00\",\"description\":\"Wie wird das Wetter am Klopeiner See? Wende Dich an uns, wir sagen Dir gerne, wie sich das aktuelle Wetter entwickelt. Webcam Live-Bild vom Klopeiner See\",\"breadcrumb\":{\"@id\":\"http:\/\/www.ponyhofnachbar.at\/webcam\/#breadcrumb\"},\"inLanguage\":\"cs-CS\",\"potentialAction\":[{\"@type\":\"ReadAction\",\"target\":[\"http:\/\/www.ponyhofnachbar.at\/webcam\/\"]}]},{\"@type\":\"BreadcrumbList\",\"@id\":\"http:\/\/www.ponyhofnachbar.at\/webcam\/#breadcrumb\",\"itemListElement\":[{\"@type\":\"ListItem\",\"position\":1,\"name\":\"Home\",\"item\":\"http:\/\/www.ponyhofnachbar.at\/en\/\"},{\"@type\":\"ListItem\",\"position\":2,\"name\":\"WEBCAM &#038; WETTER\"}]}]}<\/script>\n<!-- \/ Yoast SEO plugin. -->","yoast_head_json":{"title":"Webcam Klopeiner See - Ponyhof Nachbar","description":"Wie wird das Wetter am Klopeiner See? Wende Dich an uns, wir sagen Dir gerne, wie sich das aktuelle Wetter entwickelt. Webcam Live-Bild vom Klopeiner See","robots":{"index":"noindex","follow":"nofollow"},"og_locale":"en_US","og_type":"article","og_title":"Webcam Klopeiner See - Ponyhof Nachbar","og_description":"Wie wird das Wetter am Klopeiner See? Wende Dich an uns, wir sagen Dir gerne, wie sich das aktuelle Wetter entwickelt. Webcam Live-Bild vom Klopeiner See","og_url":"http:\/\/www.ponyhofnachbar.at\/webcam\/","og_site_name":"Servus am Ponyhof Nachbar!","article_modified_time":"2021-06-10T10:36:59+00:00","twitter_card":"summary","twitter_misc":{"Est. reading time":"2 minutes"},"schema":{"@context":"https:\/\/schema.org","@graph":[{"@type":"WebSite","@id":"http:\/\/www.ponyhofnachbar.at\/#website","url":"http:\/\/www.ponyhofnachbar.at\/","name":"Servus am Ponyhof Nachbar!","description":"Urlaub am Bauernhof | Ferien am Ponyhof | Gasthof Nachbar am Klopeiner See","potentialAction":[{"@type":"SearchAction","target":{"@type":"EntryPoint","urlTemplate":"http:\/\/www.ponyhofnachbar.at\/?s={search_term_string}"},"query-input":"required name=search_term_string"}],"inLanguage":"cs-CS"},{"@type":"ImageObject","@id":"http:\/\/www.ponyhofnachbar.at\/webcam\/#primaryimage","inLanguage":"cs-CS","url":"","contentUrl":""},{"@type":"WebPage","@id":"http:\/\/www.ponyhofnachbar.at\/webcam\/#webpage","url":"http:\/\/www.ponyhofnachbar.at\/webcam\/","name":"Webcam Klopeiner See - Ponyhof Nachbar","isPartOf":{"@id":"http:\/\/www.ponyhofnachbar.at\/#website"},"primaryImageOfPage":{"@id":"http:\/\/www.ponyhofnachbar.at\/webcam\/#primaryimage"},"datePublished":"2014-08-16T09:59:46+00:00","dateModified":"2021-06-10T10:36:59+00:00","description":"Wie wird das Wetter am Klopeiner See? Wende Dich an uns, wir sagen Dir gerne, wie sich das aktuelle Wetter entwickelt. Webcam Live-Bild vom Klopeiner See","breadcrumb":{"@id":"http:\/\/www.ponyhofnachbar.at\/webcam\/#breadcrumb"},"inLanguage":"cs-CS","potentialAction":[{"@type":"ReadAction","target":["http:\/\/www.ponyhofnachbar.at\/webcam\/"]}]},{"@type":"BreadcrumbList","@id":"http:\/\/www.ponyhofnachbar.at\/webcam\/#breadcrumb","itemListElement":[{"@type":"ListItem","position":1,"name":"Home","item":"http:\/\/www.ponyhofnachbar.at\/en\/"},{"@type":"ListItem","position":2,"name":"WEBCAM &#038; WETTER"}]}]}},"_links":{"self":[{"href":"http:\/\/www.ponyhofnachbar.at\/cs\/wp-json\/wp\/v2\/pages\/1469"}],"collection":[{"href":"http:\/\/www.ponyhofnachbar.at\/cs\/wp-json\/wp\/v2\/pages"}],"about":[{"href":"http:\/\/www.ponyhofnachbar.at\/cs\/wp-json\/wp\/v2\/types\/page"}],"author":[{"embeddable":true,"href":"http:\/\/www.ponyhofnachbar.at\/cs\/wp-json\/wp\/v2\/users\/2"}],"replies":[{"embeddable":true,"href":"http:\/\/www.ponyhofnachbar.at\/cs\/wp-json\/wp\/v2\/comments?post=1469"}],"version-history":[{"count":6,"href":"http:\/\/www.ponyhofnachbar.at\/cs\/wp-json\/wp\/v2\/pages\/1469\/revisions"}],"predecessor-version":[{"id":6274,"href":"http:\/\/www.ponyhofnachbar.at\/cs\/wp-json\/wp\/v2\/pages\/1469\/revisions\/6274"}],"wp:featuredmedia":[{"embeddable":true,"href":"http:\/\/www.ponyhofnachbar.at\/cs\/wp-json\/"}],"wp:attachment":[{"href":"http:\/\/www.ponyhofnachbar.at\/cs\/wp-json\/wp\/v2\/media?parent=1469"}],"wp:term":[{"taxonomy":"post_tag","embeddable":true,"href":"http:\/\/www.ponyhofnachbar.at\/cs\/wp-json\/wp\/v2\/tags?post=1469"}],"curies":[{"name":"wp","href":"https:\/\/api.w.org\/{rel}","templated":true}]}}