{"id":124,"date":"2014-08-06T09:17:48","date_gmt":"2014-08-06T07:17:48","guid":{"rendered":"http:\/\/localhost\/wordpress\/?page_id=124"},"modified":"2022-03-18T10:34:35","modified_gmt":"2022-03-18T09:34:35","slug":"preise","status":"publish","type":"page","link":"http:\/\/www.ponyhofnachbar.at\/cs\/preise\/","title":{"rendered":"CENY"},"content":{"rendered":"<script>\/\/ <![CDATA[ (function(i,s,o,g,r,a,m){i['GoogleAnalyticsObject']=r;i[r]=i[r]||function(){ (i[r].q=i[r].q||[]).push(arguments)},i[r].l=1*new Date();a=s.createElement(o), m=s.getElementsByTagName(o)[0];a.async=1;a.src=g;m.parentNode.insertBefore(a,m) })(window,document,'script','\/\/www.google-analytics.com\/analytics.js','ga'); ga('create', 'UA-55000139-1', 'auto'); ga('send', 'pageview'); \/\/ ]]><\/script><\/p>\n<h3>Ponyhof Nachbar \u2013 na\u0161e ceny pro l\u00e9to 2022<\/h3>\n<p>Na\u0161e ceny jsou v\u017edycky f\u00e9r \u2013 host\u016fm zbyde na mls\u00e1n\u00ed.<\/p>\n<p><img loading=\"lazy\" class=\"alignnone size-full wp-image-2218\" src=\"http:\/\/www.ponyhofnachbar.at\/wp-content\/uploads\/bananas-282340_640.jpg\" alt=\"bananas-282340_640\" width=\"640\" height=\"423\" srcset=\"http:\/\/www.ponyhofnachbar.at\/wp-content\/uploads\/bananas-282340_640.jpg 640w, http:\/\/www.ponyhofnachbar.at\/wp-content\/uploads\/bananas-282340_640-200x132.jpg 200w, http:\/\/www.ponyhofnachbar.at\/wp-content\/uploads\/bananas-282340_640-400x264.jpg 400w\" sizes=\"(max-width: 640px) 100vw, 640px\" \/><\/p>\n<p>Nemus\u00edte m\u00edt spoustu pen\u011bz, abyste si mohli vychutn\u00e1vat p\u0159\u00edjemnou dovolenou \u2013 tak m\u016f\u017eete vyrazit \u010dast\u011bji a je\u0161t\u011b V\u00e1m na konci mo\u017en\u00e1 n\u011bco zbyde.<br \/>\n<div class=\"su-row\">\n<div class=\"su-column su-column-size-1-2\"><div class=\"su-column-inner su-u-clearfix su-u-trim\">\n<p><strong>P\u0159enocov\u00e1n\u00ed v komfortn\u00edm pokoji<\/strong><\/p>\n<p><strong>Se sn\u00eddan\u00ed<\/strong><br \/>\nZa\u010d\u00e1tkem l\u00e9ta \/ podzimu \u20ac 35-<br \/>\nV l\u00e9t\u011b (\u010dervenec, srpen) \u20ac 38.-<\/p>\n<p>Ceny pokoj\u016f za osobu \/ den<br \/>\n<strong><span id=\"result_box\" class=\"short_text\" lang=\"cs\" tabindex=\"-1\"><span class=\"\">Slevy pro d\u011bti na vy\u017e\u00e1d\u00e1n\u00ed<\/span><\/span>.<\/strong><\/p>\n<p><strong>Apartm\u00e1n pro 4 osoby<\/strong><\/p>\n<p>Na ja\u0159e \/ podzimu \u20ac 90.-<br \/>\nV l\u00e9t\u011b (\u010dervenec, srpen) \u20ac 100.-<\/p>\n<p>Z\u00e1v\u011bre\u010dn\u00fd \u00faklid: \u20ac 30, &#8211;<\/p>\n<\/div><\/div>\n<div class=\"su-column su-column-size-1-2\"><div class=\"su-column-inner su-u-clearfix su-u-trim\">\n<h3>D\u011bti, \u0161koly nebo ml\u00e1de\u017enick\u00e9 skupiny ceny na vy\u017e\u00e1d\u00e1n\u00ed.<\/h3>\n<p><span style=\"text-decoration: underline;\"><strong>Dob\u0159e vychovan\u00ed psi<\/strong><\/span> (p\u0159\u00e1tel\u0161t\u00ed k\u00a0d\u011btem a ke zv\u00ed\u0159at\u016fm), jsou v\u00edtan\u00ed, ale je nutn\u00e1 p\u0159edchoz\u00ed dohoda.<\/p>\n<\/div><\/div>\n<\/div>\n<div class=\"csRow\"><strong><span id=\"result_box\" class=\"\" lang=\"cs\" tabindex=\"-1\"><span class=\"\">V\u0161echny v\u00fd\u0161e uveden\u00e9 sazby za noc exkluzivn\u00ed m\u00edstn\u00ed da\u0148.<\/span><\/span> <\/strong><\/div>","protected":false},"excerpt":{"rendered":"<p>Na\u0161e ceny jsou v\u017edycky f\u00e9r \u2013 host\u016fm zbyde na mls\u00e1n\u00ed<br \/>\nNemus\u00edte m\u00edt spoustu pen\u011bz, abyste si mohli vychutn\u00e1vat p\u0159\u00edjemnou dovolenou \u2013 tak m\u016f\u017eete vyrazit \u010dast\u011bji a je\u0161t\u011b V\u00e1m na konci mo\u017en\u00e1 n\u011bco zbyde.<\/p>\n","protected":false},"author":2,"featured_media":2218,"parent":0,"menu_order":7,"comment_status":"closed","ping_status":"closed","template":"","meta":[],"tags":[5,13,25],"yoast_head":"<!-- This site is optimized with the Yoast SEO plugin v18.3 - https:\/\/yoast.com\/wordpress\/plugins\/seo\/ -->\n<title>Servus am Ponyhof Nachbar | Ceny<\/title>\n<meta name=\"description\" content=\"Na\u0161e ceny jsou v\u017edycky f\u00e9r \u2013 host\u016fm zbyde na mls\u00e1n\u00ed. Nemus\u00edte m\u00edt spoustu pen\u011bz, abyste si mohli vychutn\u00e1vat p\u0159\u00edjemnou dovolenou \u2013 tak m\u016f\u017eete vyrazit \u010dast\u011bji a je\u0161t\u011b V\u00e1m na konci mo\u017en\u00e1 n\u011bco zbyde.\" \/>\n<meta name=\"robots\" content=\"index, follow, max-snippet:-1, max-image-preview:large, max-video-preview:-1\" \/>\n<link rel=\"canonical\" href=\"http:\/\/www.ponyhofnachbar.at\/preise\/\" \/>\n<meta property=\"og:locale\" content=\"en_US\" \/>\n<meta property=\"og:type\" content=\"article\" \/>\n<meta property=\"og:title\" content=\"[:de]Servus am Ponyhof Nachbar | Preise[:en]Servus am Ponyhof Nachbar | Preise[:it]Servus am Ponyhof Nachbar | Preise[:cs]Servus am Ponyhof Nachbar | Ceny[:]\" \/>\n<meta property=\"og:description\" content=\"{:de}Unsere Preise - da mu\u00df man nicht viel Geld f\u00fcr den Urlaub in die Hand nehmen. So kann man \u00f6fters wegfahren und vielleicht bleibt sogar noch etwas \u00fcbrig...{:en}Unsere Preise - da mu\u00df man nicht viel Geld f\u00fcr den Urlaub in die Hand nehmen. So kann man \u00f6fters wegfahren und vielleicht bleibt sogar noch etwas \u00fcbrig...{:it}Unsere Preise - da mu\u00df man nicht viel Geld f\u00fcr den Urlaub in die Hand nehmen. So kann man \u00f6fters wegfahren und vielleicht bleibt sogar noch etwas \u00fcbrig...{:cs}Na\u0161e ceny jsou v\u017edycky f\u00e9r \u2013 host\u016fm zbyde na mls\u00e1n\u00ed. Nemus\u00edte m\u00edt spoustu pen\u011bz, abyste si mohli vychutn\u00e1vat p\u0159\u00edjemnou dovolenou \u2013 tak m\u016f\u017eete vyrazit \u010dast\u011bji a je\u0161t\u011b V\u00e1m na konci mo\u017en\u00e1 n\u011bco zbyde.{:}\" \/>\n<meta property=\"og:url\" content=\"http:\/\/www.ponyhofnachbar.at\/preise\/\" \/>\n<meta property=\"og:site_name\" content=\"Servus am Ponyhof Nachbar!\" \/>\n<meta property=\"article:modified_time\" content=\"2022-03-18T09:34:35+00:00\" \/>\n<meta property=\"og:image\" content=\"http:\/\/www.ponyhofnachbar.at\/wp-content\/uploads\/bananas-282340_640.jpg\" \/>\n\t<meta property=\"og:image:width\" content=\"640\" \/>\n\t<meta property=\"og:image:height\" content=\"423\" \/>\n\t<meta property=\"og:image:type\" content=\"image\/jpeg\" \/>\n<meta name=\"twitter:card\" content=\"summary\" \/>\n<meta name=\"twitter:label1\" content=\"Est. reading time\" \/>\n\t<meta name=\"twitter:data1\" content=\"6 minutes\" \/>\n<script type=\"application\/ld+json\" class=\"yoast-schema-graph\">{\"@context\":\"https:\/\/schema.org\",\"@graph\":[{\"@type\":\"WebSite\",\"@id\":\"http:\/\/www.ponyhofnachbar.at\/#website\",\"url\":\"http:\/\/www.ponyhofnachbar.at\/\",\"name\":\"Servus am Ponyhof Nachbar!\",\"description\":\"Urlaub am Bauernhof | Ferien am Ponyhof | Gasthof Nachbar am Klopeiner See\",\"potentialAction\":[{\"@type\":\"SearchAction\",\"target\":{\"@type\":\"EntryPoint\",\"urlTemplate\":\"http:\/\/www.ponyhofnachbar.at\/?s={search_term_string}\"},\"query-input\":\"required name=search_term_string\"}],\"inLanguage\":\"cs-CS\"},{\"@type\":\"ImageObject\",\"@id\":\"http:\/\/www.ponyhofnachbar.at\/preise\/#primaryimage\",\"inLanguage\":\"cs-CS\",\"url\":\"http:\/\/www.ponyhofnachbar.at\/wp-content\/uploads\/bananas-282340_640.jpg\",\"contentUrl\":\"http:\/\/www.ponyhofnachbar.at\/wp-content\/uploads\/bananas-282340_640.jpg\",\"width\":640,\"height\":423,\"caption\":\"\u00a9 CC0 - Pixabay\"},{\"@type\":\"WebPage\",\"@id\":\"http:\/\/www.ponyhofnachbar.at\/preise\/#webpage\",\"url\":\"http:\/\/www.ponyhofnachbar.at\/preise\/\",\"name\":\"[:de]Servus am Ponyhof Nachbar | Preise[:en]Servus am Ponyhof Nachbar | Preise[:it]Servus am Ponyhof Nachbar | Preise[:cs]Servus am Ponyhof Nachbar | Ceny[:]\",\"isPartOf\":{\"@id\":\"http:\/\/www.ponyhofnachbar.at\/#website\"},\"primaryImageOfPage\":{\"@id\":\"http:\/\/www.ponyhofnachbar.at\/preise\/#primaryimage\"},\"datePublished\":\"2014-08-06T07:17:48+00:00\",\"dateModified\":\"2022-03-18T09:34:35+00:00\",\"description\":\"{:de}Unsere Preise - da mu\u00df man nicht viel Geld f\u00fcr den Urlaub in die Hand nehmen. So kann man \u00f6fters wegfahren und vielleicht bleibt sogar noch etwas \u00fcbrig...{:en}Unsere Preise - da mu\u00df man nicht viel Geld f\u00fcr den Urlaub in die Hand nehmen. So kann man \u00f6fters wegfahren und vielleicht bleibt sogar noch etwas \u00fcbrig...{:it}Unsere Preise - da mu\u00df man nicht viel Geld f\u00fcr den Urlaub in die Hand nehmen. So kann man \u00f6fters wegfahren und vielleicht bleibt sogar noch etwas \u00fcbrig...{:cs}Na\u0161e ceny jsou v\u017edycky f\u00e9r \u2013 host\u016fm zbyde na mls\u00e1n\u00ed. Nemus\u00edte m\u00edt spoustu pen\u011bz, abyste si mohli vychutn\u00e1vat p\u0159\u00edjemnou dovolenou \u2013 tak m\u016f\u017eete vyrazit \u010dast\u011bji a je\u0161t\u011b V\u00e1m na konci mo\u017en\u00e1 n\u011bco zbyde.{:}\",\"breadcrumb\":{\"@id\":\"http:\/\/www.ponyhofnachbar.at\/preise\/#breadcrumb\"},\"inLanguage\":\"cs-CS\",\"potentialAction\":[{\"@type\":\"ReadAction\",\"target\":[\"http:\/\/www.ponyhofnachbar.at\/preise\/\"]}]},{\"@type\":\"BreadcrumbList\",\"@id\":\"http:\/\/www.ponyhofnachbar.at\/preise\/#breadcrumb\",\"itemListElement\":[{\"@type\":\"ListItem\",\"position\":1,\"name\":\"Home\",\"item\":\"http:\/\/www.ponyhofnachbar.at\/en\/\"},{\"@type\":\"ListItem\",\"position\":2,\"name\":\"PREISE\"}]}]}<\/script>\n<!-- \/ Yoast SEO plugin. -->","yoast_head_json":{"title":"Servus am Ponyhof Nachbar | Ceny","description":"Na\u0161e ceny jsou v\u017edycky f\u00e9r \u2013 host\u016fm zbyde na mls\u00e1n\u00ed. Nemus\u00edte m\u00edt spoustu pen\u011bz, abyste si mohli vychutn\u00e1vat p\u0159\u00edjemnou dovolenou \u2013 tak m\u016f\u017eete vyrazit \u010dast\u011bji a je\u0161t\u011b V\u00e1m na konci mo\u017en\u00e1 n\u011bco zbyde.","robots":{"index":"index","follow":"follow","max-snippet":"max-snippet:-1","max-image-preview":"max-image-preview:large","max-video-preview":"max-video-preview:-1"},"canonical":"http:\/\/www.ponyhofnachbar.at\/preise\/","og_locale":"en_US","og_type":"article","og_title":"[:de]Servus am Ponyhof Nachbar | Preise[:en]Servus am Ponyhof Nachbar | Preise[:it]Servus am Ponyhof Nachbar | Preise[:cs]Servus am Ponyhof Nachbar | Ceny[:]","og_description":"{:de}Unsere Preise - da mu\u00df man nicht viel Geld f\u00fcr den Urlaub in die Hand nehmen. So kann man \u00f6fters wegfahren und vielleicht bleibt sogar noch etwas \u00fcbrig...{:en}Unsere Preise - da mu\u00df man nicht viel Geld f\u00fcr den Urlaub in die Hand nehmen. So kann man \u00f6fters wegfahren und vielleicht bleibt sogar noch etwas \u00fcbrig...{:it}Unsere Preise - da mu\u00df man nicht viel Geld f\u00fcr den Urlaub in die Hand nehmen. So kann man \u00f6fters wegfahren und vielleicht bleibt sogar noch etwas \u00fcbrig...{:cs}Na\u0161e ceny jsou v\u017edycky f\u00e9r \u2013 host\u016fm zbyde na mls\u00e1n\u00ed. Nemus\u00edte m\u00edt spoustu pen\u011bz, abyste si mohli vychutn\u00e1vat p\u0159\u00edjemnou dovolenou \u2013 tak m\u016f\u017eete vyrazit \u010dast\u011bji a je\u0161t\u011b V\u00e1m na konci mo\u017en\u00e1 n\u011bco zbyde.{:}","og_url":"http:\/\/www.ponyhofnachbar.at\/preise\/","og_site_name":"Servus am Ponyhof Nachbar!","article_modified_time":"2022-03-18T09:34:35+00:00","og_image":[{"width":640,"height":423,"url":"http:\/\/www.ponyhofnachbar.at\/wp-content\/uploads\/bananas-282340_640.jpg","type":"image\/jpeg"}],"twitter_card":"summary","twitter_misc":{"Est. reading time":"6 minutes"},"schema":{"@context":"https:\/\/schema.org","@graph":[{"@type":"WebSite","@id":"http:\/\/www.ponyhofnachbar.at\/#website","url":"http:\/\/www.ponyhofnachbar.at\/","name":"Servus am Ponyhof Nachbar!","description":"Urlaub am Bauernhof | Ferien am Ponyhof | Gasthof Nachbar am Klopeiner See","potentialAction":[{"@type":"SearchAction","target":{"@type":"EntryPoint","urlTemplate":"http:\/\/www.ponyhofnachbar.at\/?s={search_term_string}"},"query-input":"required name=search_term_string"}],"inLanguage":"cs-CS"},{"@type":"ImageObject","@id":"http:\/\/www.ponyhofnachbar.at\/preise\/#primaryimage","inLanguage":"cs-CS","url":"http:\/\/www.ponyhofnachbar.at\/wp-content\/uploads\/bananas-282340_640.jpg","contentUrl":"http:\/\/www.ponyhofnachbar.at\/wp-content\/uploads\/bananas-282340_640.jpg","width":640,"height":423,"caption":"\u00a9 CC0 - Pixabay"},{"@type":"WebPage","@id":"http:\/\/www.ponyhofnachbar.at\/preise\/#webpage","url":"http:\/\/www.ponyhofnachbar.at\/preise\/","name":"[:de]Servus am Ponyhof Nachbar | Preise[:en]Servus am Ponyhof Nachbar | Preise[:it]Servus am Ponyhof Nachbar | Preise[:cs]Servus am Ponyhof Nachbar | Ceny[:]","isPartOf":{"@id":"http:\/\/www.ponyhofnachbar.at\/#website"},"primaryImageOfPage":{"@id":"http:\/\/www.ponyhofnachbar.at\/preise\/#primaryimage"},"datePublished":"2014-08-06T07:17:48+00:00","dateModified":"2022-03-18T09:34:35+00:00","description":"{:de}Unsere Preise - da mu\u00df man nicht viel Geld f\u00fcr den Urlaub in die Hand nehmen. So kann man \u00f6fters wegfahren und vielleicht bleibt sogar noch etwas \u00fcbrig...{:en}Unsere Preise - da mu\u00df man nicht viel Geld f\u00fcr den Urlaub in die Hand nehmen. So kann man \u00f6fters wegfahren und vielleicht bleibt sogar noch etwas \u00fcbrig...{:it}Unsere Preise - da mu\u00df man nicht viel Geld f\u00fcr den Urlaub in die Hand nehmen. So kann man \u00f6fters wegfahren und vielleicht bleibt sogar noch etwas \u00fcbrig...{:cs}Na\u0161e ceny jsou v\u017edycky f\u00e9r \u2013 host\u016fm zbyde na mls\u00e1n\u00ed. Nemus\u00edte m\u00edt spoustu pen\u011bz, abyste si mohli vychutn\u00e1vat p\u0159\u00edjemnou dovolenou \u2013 tak m\u016f\u017eete vyrazit \u010dast\u011bji a je\u0161t\u011b V\u00e1m na konci mo\u017en\u00e1 n\u011bco zbyde.{:}","breadcrumb":{"@id":"http:\/\/www.ponyhofnachbar.at\/preise\/#breadcrumb"},"inLanguage":"cs-CS","potentialAction":[{"@type":"ReadAction","target":["http:\/\/www.ponyhofnachbar.at\/preise\/"]}]},{"@type":"BreadcrumbList","@id":"http:\/\/www.ponyhofnachbar.at\/preise\/#breadcrumb","itemListElement":[{"@type":"ListItem","position":1,"name":"Home","item":"http:\/\/www.ponyhofnachbar.at\/en\/"},{"@type":"ListItem","position":2,"name":"PREISE"}]}]}},"_links":{"self":[{"href":"http:\/\/www.ponyhofnachbar.at\/cs\/wp-json\/wp\/v2\/pages\/124"}],"collection":[{"href":"http:\/\/www.ponyhofnachbar.at\/cs\/wp-json\/wp\/v2\/pages"}],"about":[{"href":"http:\/\/www.ponyhofnachbar.at\/cs\/wp-json\/wp\/v2\/types\/page"}],"author":[{"embeddable":true,"href":"http:\/\/www.ponyhofnachbar.at\/cs\/wp-json\/wp\/v2\/users\/2"}],"replies":[{"embeddable":true,"href":"http:\/\/www.ponyhofnachbar.at\/cs\/wp-json\/wp\/v2\/comments?post=124"}],"version-history":[{"count":10,"href":"http:\/\/www.ponyhofnachbar.at\/cs\/wp-json\/wp\/v2\/pages\/124\/revisions"}],"predecessor-version":[{"id":351975,"href":"http:\/\/www.ponyhofnachbar.at\/cs\/wp-json\/wp\/v2\/pages\/124\/revisions\/351975"}],"wp:featuredmedia":[{"embeddable":true,"href":"http:\/\/www.ponyhofnachbar.at\/cs\/wp-json\/wp\/v2\/media\/2218"}],"wp:attachment":[{"href":"http:\/\/www.ponyhofnachbar.at\/cs\/wp-json\/wp\/v2\/media?parent=124"}],"wp:term":[{"taxonomy":"post_tag","embeddable":true,"href":"http:\/\/www.ponyhofnachbar.at\/cs\/wp-json\/wp\/v2\/tags?post=124"}],"curies":[{"name":"wp","href":"https:\/\/api.w.org\/{rel}","templated":true}]}}