{"id":116,"date":"2014-08-06T08:37:36","date_gmt":"2014-08-06T06:37:36","guid":{"rendered":"http:\/\/localhost\/wordpress\/?page_id=116"},"modified":"2019-09-13T11:13:43","modified_gmt":"2019-09-13T09:13:43","slug":"essen-und-trinken","status":"publish","type":"page","link":"http:\/\/www.ponyhofnachbar.at\/cs\/essen-und-trinken\/","title":{"rendered":"J\u00cdDLO &#038; PIT\u00cd"},"content":{"rendered":"<h3>J\u00eddlo a pit\u00ed<\/h3>\n<p>Udr\u017euje t\u011blo a du\u0161i pohromad\u011b a poskytuje s\u00edlu a pohodu.<br \/>\nHost\u00e9 Ponyhofu Nachbar jsou rozmazlov\u00e1ni l\u00e1skypln\u011b p\u0159ipraven\u00fdmi region\u00e1ln\u00edmi lah\u016fdkami z korutansk\u00e9 kuchyn\u011b!<br \/>\nNa st\u016fl p\u0159ich\u00e1zej\u00ed vynikaj\u00edc\u00ed chutn\u00e9 pokrmy poch\u00e1zej\u00edc\u00ed v\u011bt\u0161inou z vlastn\u00ed zem\u011bd\u011blsk\u00e9 produkce nebo z regionu.<br \/>\nSpeciality z n\u00e1poj\u016f, jako jsou d\u017eusy, jable\u010dn\u00e9 \u0161\u0165\u00e1vy nebo schnaps poch\u00e1zej\u00ed rovn\u011b\u017e z vlastn\u00edho sadu.<\/p>\n<h3>Hlad nebo \u017e\u00edze\u0148? Ale ne u n\u00e1s!<\/h3>\n<p>Pohled do kuchyn\u011b:<\/p>\n<div class=\"su-row\">\n<div class=\"su-column su-column-size-1-3\"><div class=\"su-column-inner su-u-clearfix su-u-trim\">\n<h3>Kou\u0159\u00ed se a von\u00ed &#8230;<\/h3>\n<p>Kdy\u017e babi\u010dka va\u0159\u00ed, nenech\u00e1 nic p\u0159ip\u00e1lit!<br \/>\nMatka a dcera top\u00ed v kamnech spr\u00e1vn\u011b &#8211; opravdu s ohn\u011bm!<\/p>\n<p><a href=\"https:\/\/www.pixelio.de\/media\/552228\" target=\"_blank\" rel=\"noopener noreferrer\"><img loading=\"lazy\" class=\"alignnone wp-image-2214 size-full\" title=\"\u00a9 Peter Smola, https:\/\/www.pixelio.de\" src=\"http:\/\/www.ponyhofnachbar.at\/wp-content\/uploads\/640_552228_original_R_K_B_by_Peter-Smola_pixelio.de_-e1433602758906.jpg\" alt=\"\u00a9 Peter Smola, https:\/\/www.pixelio.de\" width=\"507\" height=\"379\" srcset=\"http:\/\/www.ponyhofnachbar.at\/wp-content\/uploads\/640_552228_original_R_K_B_by_Peter-Smola_pixelio.de_-e1433602758906.jpg 507w, http:\/\/www.ponyhofnachbar.at\/wp-content\/uploads\/640_552228_original_R_K_B_by_Peter-Smola_pixelio.de_-e1433602758906-200x150.jpg 200w, http:\/\/www.ponyhofnachbar.at\/wp-content\/uploads\/640_552228_original_R_K_B_by_Peter-Smola_pixelio.de_-e1433602758906-400x299.jpg 400w\" sizes=\"(max-width: 507px) 100vw, 507px\" \/><\/a><\/p>\n<p>Kasnudeln (pln\u00e8n\u00e9 korutansk\u00e9 t\u00e8stoviny), pe\u010den\u011b, \u0159\u00edzek &#8211; v\u0161echno z\u00a0trouby, rendl\u00edku nebo p\u00e1nve &#8211; je v\u017edy n\u011bco zvl\u00e1\u0161tn\u00edho.<\/p>\n<p><strong>A v\u0161e chutn\u00e1 skv\u011ble!<\/strong><\/p>\n<\/div><\/div>\n<div class=\"su-column su-column-size-1-3\"><div class=\"su-column-inner su-u-clearfix su-u-trim\">\n<h3>Potraviny z vlastn\u00ed farmy<\/h3>\n<p>T\u00e9m\u011b\u0159 v\u0161echno na\u0161e j\u00eddlo poch\u00e1z\u00ed z farmy. Samoz\u0159ejm\u011b, z vlastn\u00edho dvoru.<\/p>\n<p><img loading=\"lazy\" class=\"alignnone size-full wp-image-2215\" src=\"http:\/\/www.ponyhofnachbar.at\/wp-content\/uploads\/429973_original_R_K_by_siepmannH_pixelio.de_.jpg\" alt=\"429973_original_R_K_by_siepmannH_pixelio.de_\" width=\"700\" height=\"525\" srcset=\"http:\/\/www.ponyhofnachbar.at\/wp-content\/uploads\/429973_original_R_K_by_siepmannH_pixelio.de_.jpg 700w, http:\/\/www.ponyhofnachbar.at\/wp-content\/uploads\/429973_original_R_K_by_siepmannH_pixelio.de_-200x150.jpg 200w, http:\/\/www.ponyhofnachbar.at\/wp-content\/uploads\/429973_original_R_K_by_siepmannH_pixelio.de_-400x300.jpg 400w\" sizes=\"(max-width: 700px) 100vw, 700px\" \/><\/p>\n<p>Tak p\u0159esn\u011b v\u00edme co p\u0159ich\u00e1z\u00ed na tal\u00ed\u0159 a sami nej\u00edme nic lep\u0161\u00edho.<\/p>\n<p><strong><span id=\"result_box\" class=\"short_text\" lang=\"cs\" tabindex=\"-1\"><span class=\"\">Tak to m\u00e1 b\u00fdt.<\/span> Dobr\u00e1 chu\u0165!<\/span><\/strong><\/p>\n<\/div><\/div>\n<div class=\"su-column su-column-size-1-3\"><div class=\"su-column-inner su-u-clearfix su-u-trim\">\n<h3>Nic pro ty, kdo jsou l\u00edn\u00ed j\u00edst<\/h3>\n<p>Kdo je p\u0159\u00edli\u0161 l\u00edn\u00fd na j\u00eddlo, je s\u00e1m na vin\u011b<\/p>\n<p><img loading=\"lazy\" class=\"alignnone size-full wp-image-2216\" src=\"http:\/\/www.ponyhofnachbar.at\/wp-content\/uploads\/kaiserschmarrn.jpg\" alt=\"kaiserschmarrn\" width=\"700\" height=\"525\" srcset=\"http:\/\/www.ponyhofnachbar.at\/wp-content\/uploads\/kaiserschmarrn.jpg 700w, http:\/\/www.ponyhofnachbar.at\/wp-content\/uploads\/kaiserschmarrn-200x150.jpg 200w, http:\/\/www.ponyhofnachbar.at\/wp-content\/uploads\/kaiserschmarrn-400x300.jpg 400w\" sizes=\"(max-width: 700px) 100vw, 700px\" \/><\/p>\n<p>D\u011btsk\u00e9 j\u00eddlo je p\u0159izp\u016fsobeno tak, aby se d\u011bti najedly a nez\u016fstaly hladov\u00e9.<br \/>\nA ten, kdo nesn\u00ed svoj\u00ed porci dostane od na\u0161\u00ed babi\u010dky jako dezert drobky.<\/p>\n<p><strong>Kdo zlob\u00ed na\u0161i babi\u010dku, u\u017e nen\u00ed n\u00e1\u0161 kamar\u00e1d!<\/strong><\/p>\n<\/div><\/div>\n<\/div>\n<p><strong>Na putov\u00e1n\u00ed a v\u00fdlety p\u0159ipravujeme pro na\u0161e hosty tak\u00e9 zdrav\u00e9 sva\u010diny, kter\u00e9 si mohou vz\u00edt s\u00a0sebou.<\/strong>","protected":false},"excerpt":{"rendered":"<p>Na hosty \u010dek\u00e1 v\u00fdb\u00e8r z korutansk\u00fdch lah\u016fdek, p\u0159ev\u00e1\u017en\u011b z vlastn\u00ed produkce.<br \/>\nPonyhof chov\u00e1 vlastn\u00ed hospod\u00e1\u0159sk\u00e1 zv\u00ed\u0159ata a nab\u00edz\u00ed tak\u00e9 speciality z n\u00e1poj\u016f jako jsou d\u017eusy, mo\u0161t nebo schnaps z vlastn\u00edho sadu.<\/p>\n","protected":false},"author":2,"featured_media":2214,"parent":0,"menu_order":4,"comment_status":"closed","ping_status":"closed","template":"","meta":[],"tags":[11,30,15,21,22,29],"yoast_head":"<!-- This site is optimized with the Yoast SEO plugin v18.3 - https:\/\/yoast.com\/wordpress\/plugins\/seo\/ -->\n<title>Servus am Ponyhof Nachbar |\u00a0J\u00eddlo &amp; pit\u00ed<\/title>\n<meta name=\"description\" content=\"Ponyhof chov\u00e1 vlastn\u00ed hospod\u00e1\u0159sk\u00e1 zv\u00ed\u0159ata a nab\u00edz\u00ed tak\u00e9 speciality z n\u00e1poj\u016f jako jsou d\u017eusy, mo\u0161t nebo schnaps z vlastn\u00edho sadu.\" \/>\n<meta name=\"robots\" content=\"index, follow, max-snippet:-1, max-image-preview:large, max-video-preview:-1\" \/>\n<link rel=\"canonical\" href=\"http:\/\/www.ponyhofnachbar.at\/en\/essen-und-trinken\/\" \/>\n<meta property=\"og:locale\" content=\"en_US\" \/>\n<meta property=\"og:type\" content=\"article\" \/>\n<meta property=\"og:title\" content=\"[:de]Servus am Ponyhof Nachbar | Essen und Trinken[:en]Servus am Ponyhof Nachbar | Essen und Trinken[:cs]Servus am Ponyhof Nachbar |\u00a0J\u00eddlo &amp; pit\u00ed[:it]Servus am Ponyhof Nachbar | Essen und Trinken[:]\" \/>\n<meta property=\"og:description\" content=\"{:de}Essen und Trinken = Wohlbefinden \u2013 hier erwarten Sie K\u00e4rntner Leckerbissen. Alle K\u00f6stlichkeiten, S\u00e4fte, Most oder Schn\u00e4pse stammen vom eigenen Bauernhof.{:en}Essen und Trinken = Wohlbefinden \u2013 hier erwarten Sie K\u00e4rntner Leckerbissen. Alle K\u00f6stlichkeiten, S\u00e4fte, Most oder Schn\u00e4pse stammen vom eigenen Bauernhof.{:cs}Ponyhof chov\u00e1 vlastn\u00ed hospod\u00e1\u0159sk\u00e1 zv\u00ed\u0159ata a nab\u00edz\u00ed tak\u00e9 speciality z n\u00e1poj\u016f jako jsou d\u017eusy, mo\u0161t nebo schnaps z vlastn\u00edho sadu.{:it}Essen und Trinken = Wohlbefinden \u2013 hier erwarten Sie K\u00e4rntner Leckerbissen. Alle K\u00f6stlichkeiten, S\u00e4fte, Most oder Schn\u00e4pse stammen vom eigenen Bauernhof.{:}\" \/>\n<meta property=\"og:url\" content=\"http:\/\/www.ponyhofnachbar.at\/en\/essen-und-trinken\/\" \/>\n<meta property=\"og:site_name\" content=\"Servus am Ponyhof Nachbar!\" \/>\n<meta property=\"article:modified_time\" content=\"2019-09-13T09:13:43+00:00\" \/>\n<meta property=\"og:image\" content=\"http:\/\/www.ponyhofnachbar.at\/wp-content\/uploads\/640_552228_original_R_K_B_by_Peter-Smola_pixelio.de_-e1433602758906.jpg\" \/>\n\t<meta property=\"og:image:width\" content=\"507\" \/>\n\t<meta property=\"og:image:height\" content=\"379\" \/>\n\t<meta property=\"og:image:type\" content=\"image\/jpeg\" \/>\n<meta name=\"twitter:card\" content=\"summary\" \/>\n<meta name=\"twitter:label1\" content=\"Est. reading time\" \/>\n\t<meta name=\"twitter:data1\" content=\"6 minutes\" \/>\n<script type=\"application\/ld+json\" class=\"yoast-schema-graph\">{\"@context\":\"https:\/\/schema.org\",\"@graph\":[{\"@type\":\"WebSite\",\"@id\":\"http:\/\/www.ponyhofnachbar.at\/#website\",\"url\":\"http:\/\/www.ponyhofnachbar.at\/\",\"name\":\"Servus am Ponyhof Nachbar!\",\"description\":\"Urlaub am Bauernhof | Ferien am Ponyhof | Gasthof Nachbar am Klopeiner See\",\"potentialAction\":[{\"@type\":\"SearchAction\",\"target\":{\"@type\":\"EntryPoint\",\"urlTemplate\":\"http:\/\/www.ponyhofnachbar.at\/?s={search_term_string}\"},\"query-input\":\"required name=search_term_string\"}],\"inLanguage\":\"cs-CS\"},{\"@type\":\"ImageObject\",\"@id\":\"http:\/\/www.ponyhofnachbar.at\/en\/essen-und-trinken\/#primaryimage\",\"inLanguage\":\"cs-CS\",\"url\":\"http:\/\/www.ponyhofnachbar.at\/wp-content\/uploads\/640_552228_original_R_K_B_by_Peter-Smola_pixelio.de_-e1433602758906.jpg\",\"contentUrl\":\"http:\/\/www.ponyhofnachbar.at\/wp-content\/uploads\/640_552228_original_R_K_B_by_Peter-Smola_pixelio.de_-e1433602758906.jpg\",\"width\":507,\"height\":379,\"caption\":\"\u00a9 Peter Smola - pixelio.de\"},{\"@type\":\"WebPage\",\"@id\":\"http:\/\/www.ponyhofnachbar.at\/en\/essen-und-trinken\/#webpage\",\"url\":\"http:\/\/www.ponyhofnachbar.at\/en\/essen-und-trinken\/\",\"name\":\"[:de]Servus am Ponyhof Nachbar | Essen und Trinken[:en]Servus am Ponyhof Nachbar | Essen und Trinken[:cs]Servus am Ponyhof Nachbar |\u00a0J\u00eddlo & pit\u00ed[:it]Servus am Ponyhof Nachbar | Essen und Trinken[:]\",\"isPartOf\":{\"@id\":\"http:\/\/www.ponyhofnachbar.at\/#website\"},\"primaryImageOfPage\":{\"@id\":\"http:\/\/www.ponyhofnachbar.at\/en\/essen-und-trinken\/#primaryimage\"},\"datePublished\":\"2014-08-06T06:37:36+00:00\",\"dateModified\":\"2019-09-13T09:13:43+00:00\",\"description\":\"{:de}Essen und Trinken = Wohlbefinden \u2013 hier erwarten Sie K\u00e4rntner Leckerbissen. Alle K\u00f6stlichkeiten, S\u00e4fte, Most oder Schn\u00e4pse stammen vom eigenen Bauernhof.{:en}Essen und Trinken = Wohlbefinden \u2013 hier erwarten Sie K\u00e4rntner Leckerbissen. Alle K\u00f6stlichkeiten, S\u00e4fte, Most oder Schn\u00e4pse stammen vom eigenen Bauernhof.{:cs}Ponyhof chov\u00e1 vlastn\u00ed hospod\u00e1\u0159sk\u00e1 zv\u00ed\u0159ata a nab\u00edz\u00ed tak\u00e9 speciality z n\u00e1poj\u016f jako jsou d\u017eusy, mo\u0161t nebo schnaps z vlastn\u00edho sadu.{:it}Essen und Trinken = Wohlbefinden \u2013 hier erwarten Sie K\u00e4rntner Leckerbissen. Alle K\u00f6stlichkeiten, S\u00e4fte, Most oder Schn\u00e4pse stammen vom eigenen Bauernhof.{:}\",\"breadcrumb\":{\"@id\":\"http:\/\/www.ponyhofnachbar.at\/en\/essen-und-trinken\/#breadcrumb\"},\"inLanguage\":\"cs-CS\",\"potentialAction\":[{\"@type\":\"ReadAction\",\"target\":[\"http:\/\/www.ponyhofnachbar.at\/en\/essen-und-trinken\/\"]}]},{\"@type\":\"BreadcrumbList\",\"@id\":\"http:\/\/www.ponyhofnachbar.at\/en\/essen-und-trinken\/#breadcrumb\",\"itemListElement\":[{\"@type\":\"ListItem\",\"position\":1,\"name\":\"Home\",\"item\":\"http:\/\/www.ponyhofnachbar.at\/en\/\"},{\"@type\":\"ListItem\",\"position\":2,\"name\":\"ESSEN UND TRINKEN\"}]}]}<\/script>\n<!-- \/ Yoast SEO plugin. -->","yoast_head_json":{"title":"Servus am Ponyhof Nachbar |\u00a0J\u00eddlo & pit\u00ed","description":"Ponyhof chov\u00e1 vlastn\u00ed hospod\u00e1\u0159sk\u00e1 zv\u00ed\u0159ata a nab\u00edz\u00ed tak\u00e9 speciality z n\u00e1poj\u016f jako jsou d\u017eusy, mo\u0161t nebo schnaps z vlastn\u00edho sadu.","robots":{"index":"index","follow":"follow","max-snippet":"max-snippet:-1","max-image-preview":"max-image-preview:large","max-video-preview":"max-video-preview:-1"},"canonical":"http:\/\/www.ponyhofnachbar.at\/en\/essen-und-trinken\/","og_locale":"en_US","og_type":"article","og_title":"[:de]Servus am Ponyhof Nachbar | Essen und Trinken[:en]Servus am Ponyhof Nachbar | Essen und Trinken[:cs]Servus am Ponyhof Nachbar |\u00a0J\u00eddlo & pit\u00ed[:it]Servus am Ponyhof Nachbar | Essen und Trinken[:]","og_description":"{:de}Essen und Trinken = Wohlbefinden \u2013 hier erwarten Sie K\u00e4rntner Leckerbissen. Alle K\u00f6stlichkeiten, S\u00e4fte, Most oder Schn\u00e4pse stammen vom eigenen Bauernhof.{:en}Essen und Trinken = Wohlbefinden \u2013 hier erwarten Sie K\u00e4rntner Leckerbissen. Alle K\u00f6stlichkeiten, S\u00e4fte, Most oder Schn\u00e4pse stammen vom eigenen Bauernhof.{:cs}Ponyhof chov\u00e1 vlastn\u00ed hospod\u00e1\u0159sk\u00e1 zv\u00ed\u0159ata a nab\u00edz\u00ed tak\u00e9 speciality z n\u00e1poj\u016f jako jsou d\u017eusy, mo\u0161t nebo schnaps z vlastn\u00edho sadu.{:it}Essen und Trinken = Wohlbefinden \u2013 hier erwarten Sie K\u00e4rntner Leckerbissen. Alle K\u00f6stlichkeiten, S\u00e4fte, Most oder Schn\u00e4pse stammen vom eigenen Bauernhof.{:}","og_url":"http:\/\/www.ponyhofnachbar.at\/en\/essen-und-trinken\/","og_site_name":"Servus am Ponyhof Nachbar!","article_modified_time":"2019-09-13T09:13:43+00:00","og_image":[{"width":507,"height":379,"url":"http:\/\/www.ponyhofnachbar.at\/wp-content\/uploads\/640_552228_original_R_K_B_by_Peter-Smola_pixelio.de_-e1433602758906.jpg","type":"image\/jpeg"}],"twitter_card":"summary","twitter_misc":{"Est. reading time":"6 minutes"},"schema":{"@context":"https:\/\/schema.org","@graph":[{"@type":"WebSite","@id":"http:\/\/www.ponyhofnachbar.at\/#website","url":"http:\/\/www.ponyhofnachbar.at\/","name":"Servus am Ponyhof Nachbar!","description":"Urlaub am Bauernhof | Ferien am Ponyhof | Gasthof Nachbar am Klopeiner See","potentialAction":[{"@type":"SearchAction","target":{"@type":"EntryPoint","urlTemplate":"http:\/\/www.ponyhofnachbar.at\/?s={search_term_string}"},"query-input":"required name=search_term_string"}],"inLanguage":"cs-CS"},{"@type":"ImageObject","@id":"http:\/\/www.ponyhofnachbar.at\/en\/essen-und-trinken\/#primaryimage","inLanguage":"cs-CS","url":"http:\/\/www.ponyhofnachbar.at\/wp-content\/uploads\/640_552228_original_R_K_B_by_Peter-Smola_pixelio.de_-e1433602758906.jpg","contentUrl":"http:\/\/www.ponyhofnachbar.at\/wp-content\/uploads\/640_552228_original_R_K_B_by_Peter-Smola_pixelio.de_-e1433602758906.jpg","width":507,"height":379,"caption":"\u00a9 Peter Smola - pixelio.de"},{"@type":"WebPage","@id":"http:\/\/www.ponyhofnachbar.at\/en\/essen-und-trinken\/#webpage","url":"http:\/\/www.ponyhofnachbar.at\/en\/essen-und-trinken\/","name":"[:de]Servus am Ponyhof Nachbar | Essen und Trinken[:en]Servus am Ponyhof Nachbar | Essen und Trinken[:cs]Servus am Ponyhof Nachbar |\u00a0J\u00eddlo & pit\u00ed[:it]Servus am Ponyhof Nachbar | Essen und Trinken[:]","isPartOf":{"@id":"http:\/\/www.ponyhofnachbar.at\/#website"},"primaryImageOfPage":{"@id":"http:\/\/www.ponyhofnachbar.at\/en\/essen-und-trinken\/#primaryimage"},"datePublished":"2014-08-06T06:37:36+00:00","dateModified":"2019-09-13T09:13:43+00:00","description":"{:de}Essen und Trinken = Wohlbefinden \u2013 hier erwarten Sie K\u00e4rntner Leckerbissen. Alle K\u00f6stlichkeiten, S\u00e4fte, Most oder Schn\u00e4pse stammen vom eigenen Bauernhof.{:en}Essen und Trinken = Wohlbefinden \u2013 hier erwarten Sie K\u00e4rntner Leckerbissen. Alle K\u00f6stlichkeiten, S\u00e4fte, Most oder Schn\u00e4pse stammen vom eigenen Bauernhof.{:cs}Ponyhof chov\u00e1 vlastn\u00ed hospod\u00e1\u0159sk\u00e1 zv\u00ed\u0159ata a nab\u00edz\u00ed tak\u00e9 speciality z n\u00e1poj\u016f jako jsou d\u017eusy, mo\u0161t nebo schnaps z vlastn\u00edho sadu.{:it}Essen und Trinken = Wohlbefinden \u2013 hier erwarten Sie K\u00e4rntner Leckerbissen. Alle K\u00f6stlichkeiten, S\u00e4fte, Most oder Schn\u00e4pse stammen vom eigenen Bauernhof.{:}","breadcrumb":{"@id":"http:\/\/www.ponyhofnachbar.at\/en\/essen-und-trinken\/#breadcrumb"},"inLanguage":"cs-CS","potentialAction":[{"@type":"ReadAction","target":["http:\/\/www.ponyhofnachbar.at\/en\/essen-und-trinken\/"]}]},{"@type":"BreadcrumbList","@id":"http:\/\/www.ponyhofnachbar.at\/en\/essen-und-trinken\/#breadcrumb","itemListElement":[{"@type":"ListItem","position":1,"name":"Home","item":"http:\/\/www.ponyhofnachbar.at\/en\/"},{"@type":"ListItem","position":2,"name":"ESSEN UND TRINKEN"}]}]}},"_links":{"self":[{"href":"http:\/\/www.ponyhofnachbar.at\/cs\/wp-json\/wp\/v2\/pages\/116"}],"collection":[{"href":"http:\/\/www.ponyhofnachbar.at\/cs\/wp-json\/wp\/v2\/pages"}],"about":[{"href":"http:\/\/www.ponyhofnachbar.at\/cs\/wp-json\/wp\/v2\/types\/page"}],"author":[{"embeddable":true,"href":"http:\/\/www.ponyhofnachbar.at\/cs\/wp-json\/wp\/v2\/users\/2"}],"replies":[{"embeddable":true,"href":"http:\/\/www.ponyhofnachbar.at\/cs\/wp-json\/wp\/v2\/comments?post=116"}],"version-history":[{"count":6,"href":"http:\/\/www.ponyhofnachbar.at\/cs\/wp-json\/wp\/v2\/pages\/116\/revisions"}],"predecessor-version":[{"id":2468,"href":"http:\/\/www.ponyhofnachbar.at\/cs\/wp-json\/wp\/v2\/pages\/116\/revisions\/2468"}],"wp:featuredmedia":[{"embeddable":true,"href":"http:\/\/www.ponyhofnachbar.at\/cs\/wp-json\/wp\/v2\/media\/2214"}],"wp:attachment":[{"href":"http:\/\/www.ponyhofnachbar.at\/cs\/wp-json\/wp\/v2\/media?parent=116"}],"wp:term":[{"taxonomy":"post_tag","embeddable":true,"href":"http:\/\/www.ponyhofnachbar.at\/cs\/wp-json\/wp\/v2\/tags?post=116"}],"curies":[{"name":"wp","href":"https:\/\/api.w.org\/{rel}","templated":true}]}}